{"id":13782,"date":"2023-12-04T11:25:32","date_gmt":"2023-12-04T11:25:32","guid":{"rendered":"https:\/\/2023shop.heinrichschulte.de\/?product=alpha_400-waschtischarmatur-mit-druckknopf-ablaufgarnitur-2"},"modified":"2023-12-04T11:25:33","modified_gmt":"2023-12-04T11:25:33","slug":"alpha_400-waschtischarmatur-mit-druckknopf-ablaufgarnitur-2","status":"publish","type":"product","link":"https:\/\/2023shop.heinrichschulte.de\/?product=alpha_400-waschtischarmatur-mit-druckknopf-ablaufgarnitur-2","title":{"rendered":"alpha_400 Waschtischarmatur mit Druckknopf-Ablaufgarnitur"},"content":{"rendered":"","protected":false},"excerpt":{"rendered":"<p>Elegant verbindet sich der zylindrische Grundk\u00f6rper mit dem horizontalen Auslauf zu einer attraktiven Waschtischarmatur. Die seitliche Steuerung ordent sich zur\u00fcckhaltend puristisch in die Gesamtform ein. Mit aufw\u00e4ndig aufgebrachtem hochwertigem Chrom werden die formal bedeutungsvollen Oberfl\u00e4chen wirkungsvoll in Szene gesetzt. Kompakt und selbstbewusst ist der Hebel in der Grundstellung vertikal ausgerichtet und schafft damit angenehmen Bedienkomfort. Zur optimalen Positionierung des Wasserstrahls kann der bewegliche Strahlregler in alle Richtungen geschwenkt werden. Durch einen Druck auf die Verschlusskappe, l\u00e4sst sich die Ablaufgarnitur bequem direkt \u00f6ffnen und schlie\u00dfen. \u00dcber eine spezielle Schaftverschraubung wird diese Armatur sehr stabil montiert. <\/p>\n","protected":false},"featured_media":6160,"template":"","meta":[],"product_cat":[1342,735,1370,1266,1754],"product_tag":[73,134,1376,1278,1756],"lang":"de","translations":{"de":13782,"en":14736},"pll_sync_post":[],"_links":{"self":[{"href":"https:\/\/2023shop.heinrichschulte.de\/index.php?rest_route=\/wp\/v2\/product\/13782"}],"collection":[{"href":"https:\/\/2023shop.heinrichschulte.de\/index.php?rest_route=\/wp\/v2\/product"}],"about":[{"href":"https:\/\/2023shop.heinrichschulte.de\/index.php?rest_route=\/wp\/v2\/types\/product"}],"version-history":[{"count":1,"href":"https:\/\/2023shop.heinrichschulte.de\/index.php?rest_route=\/wp\/v2\/product\/13782\/revisions"}],"predecessor-version":[{"id":13783,"href":"https:\/\/2023shop.heinrichschulte.de\/index.php?rest_route=\/wp\/v2\/product\/13782\/revisions\/13783"}],"wp:featuredmedia":[{"embeddable":true,"href":"https:\/\/2023shop.heinrichschulte.de\/index.php?rest_route=\/wp\/v2\/media\/6160"}],"wp:attachment":[{"href":"https:\/\/2023shop.heinrichschulte.de\/index.php?rest_route=%2Fwp%2Fv2%2Fmedia&parent=13782"}],"wp:term":[{"taxonomy":"product_cat","embeddable":true,"href":"https:\/\/2023shop.heinrichschulte.de\/index.php?rest_route=%2Fwp%2Fv2%2Fproduct_cat&post=13782"},{"taxonomy":"product_tag","embeddable":true,"href":"https:\/\/2023shop.heinrichschulte.de\/index.php?rest_route=%2Fwp%2Fv2%2Fproduct_tag&post=13782"}],"curies":[{"name":"wp","href":"https:\/\/api.w.org\/{rel}","templated":true}]}}