{"id":13790,"date":"2023-12-04T11:25:35","date_gmt":"2023-12-04T11:25:35","guid":{"rendered":"https:\/\/2023shop.heinrichschulte.de\/?product=alpha_350-kuechenarmatur-mit-ausziehbrause"},"modified":"2023-12-04T11:25:35","modified_gmt":"2023-12-04T11:25:35","slug":"alpha_350-kuechenarmatur-mit-ausziehbrause","status":"publish","type":"product","link":"https:\/\/2023shop.heinrichschulte.de\/?product=alpha_350-kuechenarmatur-mit-ausziehbrause","title":{"rendered":"alpha_350 K\u00fcchenarmatur mit Ausziehbrause"},"content":{"rendered":"","protected":false},"excerpt":{"rendered":"<p>Mit einer zylindrischen Variante der Auslaufgeometrie wird bei dieser Armatur eine eigenst\u00e4ndige Erscheinungsform geschaffen, die sich angenehm in den Sp\u00fclenbereich einf\u00fcgt. Die brillante Chromoberfl\u00e4che unterstreicht wirkungsvoll die Sch\u00f6nheit dieser Armatur. Zur\u00fcckhaltend in seiner Erscheinungsform und mit flie\u00dfenden formalen \u00dcberg\u00e4ngen liegt der Hebel angenehm und sicher in der Hand. Der schwenkbare Auslauf mit herausziehbarer Geschirrhandbrause schafft die Basis f\u00fcr optimale individuelle Nutzungsvorlieben. \u00dcber eine spezielle Schaftverschraubung wird diese hohe Armatur sehr stabil mit der Sp\u00fcle verbunden und gew\u00e4hrleistet die sichere F\u00fchrung von herausziehbaren Ausl\u00e4ufen und Handbrausen. <\/p>\n","protected":false},"featured_media":5827,"template":"","meta":[],"product_cat":[1332,1330,1334,1336],"product_tag":[1338,71,75,1340],"lang":"de","translations":{"de":13790,"en":14744},"pll_sync_post":[],"_links":{"self":[{"href":"https:\/\/2023shop.heinrichschulte.de\/index.php?rest_route=\/wp\/v2\/product\/13790"}],"collection":[{"href":"https:\/\/2023shop.heinrichschulte.de\/index.php?rest_route=\/wp\/v2\/product"}],"about":[{"href":"https:\/\/2023shop.heinrichschulte.de\/index.php?rest_route=\/wp\/v2\/types\/product"}],"version-history":[{"count":1,"href":"https:\/\/2023shop.heinrichschulte.de\/index.php?rest_route=\/wp\/v2\/product\/13790\/revisions"}],"predecessor-version":[{"id":13791,"href":"https:\/\/2023shop.heinrichschulte.de\/index.php?rest_route=\/wp\/v2\/product\/13790\/revisions\/13791"}],"wp:featuredmedia":[{"embeddable":true,"href":"https:\/\/2023shop.heinrichschulte.de\/index.php?rest_route=\/wp\/v2\/media\/5827"}],"wp:attachment":[{"href":"https:\/\/2023shop.heinrichschulte.de\/index.php?rest_route=%2Fwp%2Fv2%2Fmedia&parent=13790"}],"wp:term":[{"taxonomy":"product_cat","embeddable":true,"href":"https:\/\/2023shop.heinrichschulte.de\/index.php?rest_route=%2Fwp%2Fv2%2Fproduct_cat&post=13790"},{"taxonomy":"product_tag","embeddable":true,"href":"https:\/\/2023shop.heinrichschulte.de\/index.php?rest_route=%2Fwp%2Fv2%2Fproduct_tag&post=13790"}],"curies":[{"name":"wp","href":"https:\/\/api.w.org\/{rel}","templated":true}]}}