{"id":13792,"date":"2023-12-04T11:25:35","date_gmt":"2023-12-04T11:25:35","guid":{"rendered":"https:\/\/2023shop.heinrichschulte.de\/?product=ascona_1-sichtteile-fuer-unterputzventil"},"modified":"2023-12-04T11:25:36","modified_gmt":"2023-12-04T11:25:36","slug":"ascona_1-sichtteile-fuer-unterputzventil","status":"publish","type":"product","link":"https:\/\/2023shop.heinrichschulte.de\/?product=ascona_1-sichtteile-fuer-unterputzventil","title":{"rendered":"ascona_1 Sichtteile f\u00fcr Unterputzventil"},"content":{"rendered":"","protected":false},"excerpt":{"rendered":"<p>Zur Steuerung eines Unterputzventils wurde dieser individuelle Griff mit der die Grundstellung markierender \u00dcberw\u00f6lbung entwickelt. In seiner exklusiven Erscheinung f\u00fcgt er sich kultiviert in die Umgebung ein. Die brillante Chromoberfl\u00e4che unterstreicht wirkungsvoll die Sch\u00f6nheit dieser Armatur. Die hochwertige, runde Wandrosette bildet einen sehr angenehmen \u00dcbergang zur Wand und harmonisiert perfekt mit dem Griffelement. <\/p>\n","protected":false},"featured_media":5522,"template":"","meta":[],"product_cat":[1590,1370,1614,2038,1410],"product_tag":[1594,1376,1618,2040,1418],"lang":"de","translations":{"de":13792,"en":14746},"pll_sync_post":[],"_links":{"self":[{"href":"https:\/\/2023shop.heinrichschulte.de\/index.php?rest_route=\/wp\/v2\/product\/13792"}],"collection":[{"href":"https:\/\/2023shop.heinrichschulte.de\/index.php?rest_route=\/wp\/v2\/product"}],"about":[{"href":"https:\/\/2023shop.heinrichschulte.de\/index.php?rest_route=\/wp\/v2\/types\/product"}],"version-history":[{"count":1,"href":"https:\/\/2023shop.heinrichschulte.de\/index.php?rest_route=\/wp\/v2\/product\/13792\/revisions"}],"predecessor-version":[{"id":13793,"href":"https:\/\/2023shop.heinrichschulte.de\/index.php?rest_route=\/wp\/v2\/product\/13792\/revisions\/13793"}],"wp:featuredmedia":[{"embeddable":true,"href":"https:\/\/2023shop.heinrichschulte.de\/index.php?rest_route=\/wp\/v2\/media\/5522"}],"wp:attachment":[{"href":"https:\/\/2023shop.heinrichschulte.de\/index.php?rest_route=%2Fwp%2Fv2%2Fmedia&parent=13792"}],"wp:term":[{"taxonomy":"product_cat","embeddable":true,"href":"https:\/\/2023shop.heinrichschulte.de\/index.php?rest_route=%2Fwp%2Fv2%2Fproduct_cat&post=13792"},{"taxonomy":"product_tag","embeddable":true,"href":"https:\/\/2023shop.heinrichschulte.de\/index.php?rest_route=%2Fwp%2Fv2%2Fproduct_tag&post=13792"}],"curies":[{"name":"wp","href":"https:\/\/api.w.org\/{rel}","templated":true}]}}