{"id":13798,"date":"2023-12-04T11:25:37","date_gmt":"2023-12-04T11:25:37","guid":{"rendered":"https:\/\/2023shop.heinrichschulte.de\/?product=alpha_300-kuechenarmatur-niederdruck"},"modified":"2023-12-04T11:25:37","modified_gmt":"2023-12-04T11:25:37","slug":"alpha_300-kuechenarmatur-niederdruck","status":"publish","type":"product","link":"https:\/\/2023shop.heinrichschulte.de\/?product=alpha_300-kuechenarmatur-niederdruck","title":{"rendered":"alpha_300 K\u00fcchenarmatur Niederdruck"},"content":{"rendered":"","protected":false},"excerpt":{"rendered":"<p>Im breit gef\u00e4cherten Bereich der klassischen bis modernen K\u00fcchengestaltung findet sich diese ergonomisch ausgereifte Armatur eindrucksvoll ein. Schwungvoll f\u00fchrt der elegante Auslauf das Wasser in die H\u00f6he. Die brillante Chromoberfl\u00e4che unterstreicht wirkungsvoll die Sch\u00f6nheit dieser Armatur. Leicht beweglich und ergonomisch sensibel abgestimmt, schlie\u00dft der im \u00dcbergang markant gestaltete Hebel die Armatur formvollendet ab. Mit einem speziellen Strahlregler f\u00fcr Niederdruckarmaturen werden die Bedingungen f\u00fcr Hei\u00dfwasserger\u00e4te erf\u00fcllt. Der schwenkbare Auslauf erm\u00f6glicht komfortables und zielgerichtetes Arbeiten. <\/p>\n","protected":false},"featured_media":6018,"template":"","meta":[],"product_cat":[1566,1330,1334,1742],"product_tag":[1570,71,75,1744],"lang":"de","translations":{"de":13798,"en":14752},"pll_sync_post":[],"_links":{"self":[{"href":"https:\/\/2023shop.heinrichschulte.de\/index.php?rest_route=\/wp\/v2\/product\/13798"}],"collection":[{"href":"https:\/\/2023shop.heinrichschulte.de\/index.php?rest_route=\/wp\/v2\/product"}],"about":[{"href":"https:\/\/2023shop.heinrichschulte.de\/index.php?rest_route=\/wp\/v2\/types\/product"}],"version-history":[{"count":1,"href":"https:\/\/2023shop.heinrichschulte.de\/index.php?rest_route=\/wp\/v2\/product\/13798\/revisions"}],"predecessor-version":[{"id":13799,"href":"https:\/\/2023shop.heinrichschulte.de\/index.php?rest_route=\/wp\/v2\/product\/13798\/revisions\/13799"}],"wp:featuredmedia":[{"embeddable":true,"href":"https:\/\/2023shop.heinrichschulte.de\/index.php?rest_route=\/wp\/v2\/media\/6018"}],"wp:attachment":[{"href":"https:\/\/2023shop.heinrichschulte.de\/index.php?rest_route=%2Fwp%2Fv2%2Fmedia&parent=13798"}],"wp:term":[{"taxonomy":"product_cat","embeddable":true,"href":"https:\/\/2023shop.heinrichschulte.de\/index.php?rest_route=%2Fwp%2Fv2%2Fproduct_cat&post=13798"},{"taxonomy":"product_tag","embeddable":true,"href":"https:\/\/2023shop.heinrichschulte.de\/index.php?rest_route=%2Fwp%2Fv2%2Fproduct_tag&post=13798"}],"curies":[{"name":"wp","href":"https:\/\/api.w.org\/{rel}","templated":true}]}}