{"id":13806,"date":"2023-12-04T11:25:40","date_gmt":"2023-12-04T11:25:40","guid":{"rendered":"https:\/\/2023shop.heinrichschulte.de\/?product=alpha_300-waschtischarmatur-hoch-mit-druckknopf-ablaufgarnitur"},"modified":"2023-12-04T11:25:40","modified_gmt":"2023-12-04T11:25:40","slug":"alpha_300-waschtischarmatur-hoch-mit-druckknopf-ablaufgarnitur","status":"publish","type":"product","link":"https:\/\/2023shop.heinrichschulte.de\/?product=alpha_300-waschtischarmatur-hoch-mit-druckknopf-ablaufgarnitur","title":{"rendered":"alpha_300 Waschtischarmatur hoch mit Druckknopf-Ablaufgarnitur"},"content":{"rendered":"","protected":false},"excerpt":{"rendered":"<p>Der schlanke K\u00f6rper der alpha_300 verbindet sich exzellent mit dem geometrisch geformten und horizontal ausgerichteten Auslauf zu einer eleganten und hochwertigen Waschtischarmatur. Die brillante Chromoberfl\u00e4che unterstreicht wirkungsvoll die Sch\u00f6nheit dieser Armatur. Leicht beweglich und ergonomisch sensibel abgestimmt, schlie\u00dft der im \u00dcbergang markant gestaltete Hebel die Armatur formvollendet ab. Der eingesetzte Spezialstrahlregler hilft Wasser zu sparen und sch\u00fctzt die Armatur durch seine eigens daf\u00fcr entwickelte Silikon-Lippe vor Kalkablagerungen. Durch einen Druck auf die Verschlusskappe, l\u00e4sst sich die Ablaufgarnitur bequem direkt \u00f6ffnen und schlie\u00dfen. Mit der Erh\u00f6hung des Armaturenk\u00f6rpers ist diese Armatur f\u00fcr den Einsatz mit modernen Aufsatzwaschbecken ausgerichtet. Die erweiterte Bauh\u00f6he unterstreicht nochmals die Eleganz ihrer Erscheinung. <\/p>\n","protected":false},"featured_media":5923,"template":"","meta":[],"product_cat":[1566,735,1370,1266,1568],"product_tag":[1570,134,1376,1278,1572],"lang":"de","translations":{"de":13806,"en":14760},"pll_sync_post":[],"_links":{"self":[{"href":"https:\/\/2023shop.heinrichschulte.de\/index.php?rest_route=\/wp\/v2\/product\/13806"}],"collection":[{"href":"https:\/\/2023shop.heinrichschulte.de\/index.php?rest_route=\/wp\/v2\/product"}],"about":[{"href":"https:\/\/2023shop.heinrichschulte.de\/index.php?rest_route=\/wp\/v2\/types\/product"}],"version-history":[{"count":1,"href":"https:\/\/2023shop.heinrichschulte.de\/index.php?rest_route=\/wp\/v2\/product\/13806\/revisions"}],"predecessor-version":[{"id":13807,"href":"https:\/\/2023shop.heinrichschulte.de\/index.php?rest_route=\/wp\/v2\/product\/13806\/revisions\/13807"}],"wp:featuredmedia":[{"embeddable":true,"href":"https:\/\/2023shop.heinrichschulte.de\/index.php?rest_route=\/wp\/v2\/media\/5923"}],"wp:attachment":[{"href":"https:\/\/2023shop.heinrichschulte.de\/index.php?rest_route=%2Fwp%2Fv2%2Fmedia&parent=13806"}],"wp:term":[{"taxonomy":"product_cat","embeddable":true,"href":"https:\/\/2023shop.heinrichschulte.de\/index.php?rest_route=%2Fwp%2Fv2%2Fproduct_cat&post=13806"},{"taxonomy":"product_tag","embeddable":true,"href":"https:\/\/2023shop.heinrichschulte.de\/index.php?rest_route=%2Fwp%2Fv2%2Fproduct_tag&post=13806"}],"curies":[{"name":"wp","href":"https:\/\/api.w.org\/{rel}","templated":true}]}}