{"id":13808,"date":"2023-12-04T11:25:40","date_gmt":"2023-12-04T11:25:40","guid":{"rendered":"https:\/\/2023shop.heinrichschulte.de\/?product=alpha_400-schlauchbrausegarnitur-fuer-wannenrandarmatur"},"modified":"2023-12-04T11:25:41","modified_gmt":"2023-12-04T11:25:41","slug":"alpha_400-schlauchbrausegarnitur-fuer-wannenrandarmatur","status":"publish","type":"product","link":"https:\/\/2023shop.heinrichschulte.de\/?product=alpha_400-schlauchbrausegarnitur-fuer-wannenrandarmatur","title":{"rendered":"alpha_400 Schlauchbrausegarnitur f\u00fcr Wannenrandarmatur"},"content":{"rendered":"","protected":false},"excerpt":{"rendered":"<p>Das in den Wannenrand eingelassene Halte- und F\u00fchrungsmodul der Schlauchbrause erlaubt durch seine Schr\u00e4gstellung die ergonomisch optimierte Benutzung. Der Schlauch der Handbrause bleibt in der Ruheposition elegant im Wannenk\u00f6rper verborgen. Mit aufw\u00e4ndig aufgebrachtem hochwertigem Chrom werden die formal bedeutungsvollen Oberfl\u00e4chen wirkungsvoll in Szene gesetzt. <\/p>\n","protected":false},"featured_media":6180,"template":"","meta":[],"product_cat":[1342,735,1370,1534,1762],"product_tag":[73,134,1376,1538,1764],"lang":"de","translations":{"de":13808,"en":14762},"pll_sync_post":[],"_links":{"self":[{"href":"https:\/\/2023shop.heinrichschulte.de\/index.php?rest_route=\/wp\/v2\/product\/13808"}],"collection":[{"href":"https:\/\/2023shop.heinrichschulte.de\/index.php?rest_route=\/wp\/v2\/product"}],"about":[{"href":"https:\/\/2023shop.heinrichschulte.de\/index.php?rest_route=\/wp\/v2\/types\/product"}],"version-history":[{"count":1,"href":"https:\/\/2023shop.heinrichschulte.de\/index.php?rest_route=\/wp\/v2\/product\/13808\/revisions"}],"predecessor-version":[{"id":13809,"href":"https:\/\/2023shop.heinrichschulte.de\/index.php?rest_route=\/wp\/v2\/product\/13808\/revisions\/13809"}],"wp:featuredmedia":[{"embeddable":true,"href":"https:\/\/2023shop.heinrichschulte.de\/index.php?rest_route=\/wp\/v2\/media\/6180"}],"wp:attachment":[{"href":"https:\/\/2023shop.heinrichschulte.de\/index.php?rest_route=%2Fwp%2Fv2%2Fmedia&parent=13808"}],"wp:term":[{"taxonomy":"product_cat","embeddable":true,"href":"https:\/\/2023shop.heinrichschulte.de\/index.php?rest_route=%2Fwp%2Fv2%2Fproduct_cat&post=13808"},{"taxonomy":"product_tag","embeddable":true,"href":"https:\/\/2023shop.heinrichschulte.de\/index.php?rest_route=%2Fwp%2Fv2%2Fproduct_tag&post=13808"}],"curies":[{"name":"wp","href":"https:\/\/api.w.org\/{rel}","templated":true}]}}