{"id":13814,"date":"2023-12-04T11:25:42","date_gmt":"2023-12-04T11:25:42","guid":{"rendered":"https:\/\/2023shop.heinrichschulte.de\/?product=alpha_400-duschsystem-quadral"},"modified":"2023-12-04T11:25:42","modified_gmt":"2023-12-04T11:25:42","slug":"alpha_400-duschsystem-quadral","status":"publish","type":"product","link":"https:\/\/2023shop.heinrichschulte.de\/?product=alpha_400-duschsystem-quadral","title":{"rendered":"alpha_400 Duschsystem Quadral"},"content":{"rendered":"","protected":false},"excerpt":{"rendered":"<p>Mit wenigen Handgriffen montiert, verwandelt dieses Duschsystem jeden Duschbereich zum Wellness-Areal. Gen\u00fcssliche und wohltuende Entspannung sind garantiert. Komfortabel l\u00e4sst sich zwischen den Funktionen Hand- und Kopfbrause umschalten. Der Brausestrahl kann auf individuelle Bed\u00fcrfnisse angepasst werden. Die hohe Qualit\u00e4t und Einzigartigkeit dieses Duschsystems, wird durch die brillante Oberfl\u00e4che aus hochwertigem Chrom prachtvoll inszeniert. Angenehm leichtg\u00e4ngig und bequem zu erreichen, ist der formal perfekt eingegliederte Umsteller einfach und sicher zu bedienen. <\/p>\n","protected":false},"featured_media":6201,"template":"","meta":[],"product_cat":[1342,1370,827,1876,1878],"product_tag":[73,1376,839,1880,1882],"lang":"de","translations":{"de":13814,"en":14768},"pll_sync_post":[],"_links":{"self":[{"href":"https:\/\/2023shop.heinrichschulte.de\/index.php?rest_route=\/wp\/v2\/product\/13814"}],"collection":[{"href":"https:\/\/2023shop.heinrichschulte.de\/index.php?rest_route=\/wp\/v2\/product"}],"about":[{"href":"https:\/\/2023shop.heinrichschulte.de\/index.php?rest_route=\/wp\/v2\/types\/product"}],"version-history":[{"count":1,"href":"https:\/\/2023shop.heinrichschulte.de\/index.php?rest_route=\/wp\/v2\/product\/13814\/revisions"}],"predecessor-version":[{"id":13815,"href":"https:\/\/2023shop.heinrichschulte.de\/index.php?rest_route=\/wp\/v2\/product\/13814\/revisions\/13815"}],"wp:featuredmedia":[{"embeddable":true,"href":"https:\/\/2023shop.heinrichschulte.de\/index.php?rest_route=\/wp\/v2\/media\/6201"}],"wp:attachment":[{"href":"https:\/\/2023shop.heinrichschulte.de\/index.php?rest_route=%2Fwp%2Fv2%2Fmedia&parent=13814"}],"wp:term":[{"taxonomy":"product_cat","embeddable":true,"href":"https:\/\/2023shop.heinrichschulte.de\/index.php?rest_route=%2Fwp%2Fv2%2Fproduct_cat&post=13814"},{"taxonomy":"product_tag","embeddable":true,"href":"https:\/\/2023shop.heinrichschulte.de\/index.php?rest_route=%2Fwp%2Fv2%2Fproduct_tag&post=13814"}],"curies":[{"name":"wp","href":"https:\/\/api.w.org\/{rel}","templated":true}]}}