{"id":13816,"date":"2023-12-04T11:25:42","date_gmt":"2023-12-04T11:25:42","guid":{"rendered":"https:\/\/2023shop.heinrichschulte.de\/?product=ascona_1-duschsystem"},"modified":"2023-12-04T11:25:43","modified_gmt":"2023-12-04T11:25:43","slug":"ascona_1-duschsystem","status":"publish","type":"product","link":"https:\/\/2023shop.heinrichschulte.de\/?product=ascona_1-duschsystem","title":{"rendered":"ascona_1 Duschsystem"},"content":{"rendered":"","protected":false},"excerpt":{"rendered":"<p>Gen\u00fcssliche und wohltuende Entspannung sind mit dem Gebrauch dieses Duschsystems garantiert. Mit wenigen Handgriffen montiert, verwandelt es jeden Duschbereich zum Wellness-Areal. Die integrierte Handbrause ist luxuri\u00f6s mit f\u00fcnf w\u00e4hlbaren Strahlvarianten ausgestattet. Die hohe Qualit\u00e4t und Einzigartigkeit dieses Duschsystems, wird durch die brillante Oberfl\u00e4che aus hochwertigem Chrom prachtvoll inszeniert. Angenehm leichtg\u00e4ngig und bequem zu erreichen, ist der formal perfekt eingegliederte Umsteller einfach und sicher zu bedienen. <\/p>\n","protected":false},"featured_media":5501,"template":"","meta":[],"product_cat":[1590,1370,827,1876,2050],"product_tag":[1594,1376,839,1880,2052],"lang":"de","translations":{"de":13816,"en":14770},"pll_sync_post":[],"_links":{"self":[{"href":"https:\/\/2023shop.heinrichschulte.de\/index.php?rest_route=\/wp\/v2\/product\/13816"}],"collection":[{"href":"https:\/\/2023shop.heinrichschulte.de\/index.php?rest_route=\/wp\/v2\/product"}],"about":[{"href":"https:\/\/2023shop.heinrichschulte.de\/index.php?rest_route=\/wp\/v2\/types\/product"}],"version-history":[{"count":1,"href":"https:\/\/2023shop.heinrichschulte.de\/index.php?rest_route=\/wp\/v2\/product\/13816\/revisions"}],"predecessor-version":[{"id":13817,"href":"https:\/\/2023shop.heinrichschulte.de\/index.php?rest_route=\/wp\/v2\/product\/13816\/revisions\/13817"}],"wp:featuredmedia":[{"embeddable":true,"href":"https:\/\/2023shop.heinrichschulte.de\/index.php?rest_route=\/wp\/v2\/media\/5501"}],"wp:attachment":[{"href":"https:\/\/2023shop.heinrichschulte.de\/index.php?rest_route=%2Fwp%2Fv2%2Fmedia&parent=13816"}],"wp:term":[{"taxonomy":"product_cat","embeddable":true,"href":"https:\/\/2023shop.heinrichschulte.de\/index.php?rest_route=%2Fwp%2Fv2%2Fproduct_cat&post=13816"},{"taxonomy":"product_tag","embeddable":true,"href":"https:\/\/2023shop.heinrichschulte.de\/index.php?rest_route=%2Fwp%2Fv2%2Fproduct_tag&post=13816"}],"curies":[{"name":"wp","href":"https:\/\/api.w.org\/{rel}","templated":true}]}}