{"id":13820,"date":"2023-12-04T11:25:53","date_gmt":"2023-12-04T11:25:53","guid":{"rendered":"https:\/\/2023shop.heinrichschulte.de\/?product=alpha_300-bidetarmatur-mit-ablaufgarnitur"},"modified":"2023-12-04T11:25:54","modified_gmt":"2023-12-04T11:25:54","slug":"alpha_300-bidetarmatur-mit-ablaufgarnitur","status":"publish","type":"product","link":"https:\/\/2023shop.heinrichschulte.de\/?product=alpha_300-bidetarmatur-mit-ablaufgarnitur","title":{"rendered":"alpha_300 Bidetarmatur mit Ablaufgarnitur"},"content":{"rendered":"","protected":false},"excerpt":{"rendered":"<p>Sichere Bedienung, kompakte Bauweise und formal ansprechende Integration in die Sanit\u00e4rkeramik zeichnen die Armatur aus. Die brillante Chromoberfl\u00e4che unterstreicht wirkungsvoll die Sch\u00f6nheit dieser Armatur. Leicht beweglich und ergonomisch sensibel abgestimmt, schlie\u00dft der im \u00dcbergang markant gestaltete Hebel die Armatur formvollendet ab. \u00dcber den eingebauten Spezialstrahlregler l\u00e4sst sich der sanfte Wasserstrahl individuell den Bed\u00fcrfnissen horizontal ausrichten. Zur Steuerung der Ablaufgarnitur integriert sich im hinteren Bereich dezent die leichtg\u00e4ngige Zugstange, die durch ihre Form auch mit nassen H\u00e4nden bequem und sicher zu bedienen ist. <\/p>\n","protected":false},"featured_media":5950,"template":"","meta":[],"product_cat":[1566,735,1370,1490,2062],"product_tag":[1570,134,1376,1494,2064],"lang":"de","translations":{"de":13820,"en":14804},"pll_sync_post":[],"_links":{"self":[{"href":"https:\/\/2023shop.heinrichschulte.de\/index.php?rest_route=\/wp\/v2\/product\/13820"}],"collection":[{"href":"https:\/\/2023shop.heinrichschulte.de\/index.php?rest_route=\/wp\/v2\/product"}],"about":[{"href":"https:\/\/2023shop.heinrichschulte.de\/index.php?rest_route=\/wp\/v2\/types\/product"}],"version-history":[{"count":1,"href":"https:\/\/2023shop.heinrichschulte.de\/index.php?rest_route=\/wp\/v2\/product\/13820\/revisions"}],"predecessor-version":[{"id":13821,"href":"https:\/\/2023shop.heinrichschulte.de\/index.php?rest_route=\/wp\/v2\/product\/13820\/revisions\/13821"}],"wp:featuredmedia":[{"embeddable":true,"href":"https:\/\/2023shop.heinrichschulte.de\/index.php?rest_route=\/wp\/v2\/media\/5950"}],"wp:attachment":[{"href":"https:\/\/2023shop.heinrichschulte.de\/index.php?rest_route=%2Fwp%2Fv2%2Fmedia&parent=13820"}],"wp:term":[{"taxonomy":"product_cat","embeddable":true,"href":"https:\/\/2023shop.heinrichschulte.de\/index.php?rest_route=%2Fwp%2Fv2%2Fproduct_cat&post=13820"},{"taxonomy":"product_tag","embeddable":true,"href":"https:\/\/2023shop.heinrichschulte.de\/index.php?rest_route=%2Fwp%2Fv2%2Fproduct_tag&post=13820"}],"curies":[{"name":"wp","href":"https:\/\/api.w.org\/{rel}","templated":true}]}}