{"id":13828,"date":"2023-12-04T11:25:56","date_gmt":"2023-12-04T11:25:56","guid":{"rendered":"https:\/\/2023shop.heinrichschulte.de\/?product=alpha_300-waschtischarmatur-niederdruck-mit-ablaufgarnitur"},"modified":"2023-12-04T11:25:56","modified_gmt":"2023-12-04T11:25:56","slug":"alpha_300-waschtischarmatur-niederdruck-mit-ablaufgarnitur","status":"publish","type":"product","link":"https:\/\/2023shop.heinrichschulte.de\/?product=alpha_300-waschtischarmatur-niederdruck-mit-ablaufgarnitur","title":{"rendered":"alpha_300 Waschtischarmatur Niederdruck mit Ablaufgarnitur"},"content":{"rendered":"","protected":false},"excerpt":{"rendered":"<p>Der schlanke K\u00f6rper der alpha_300 verbindet sich exzellent mit dem geometrisch geformten und horizontal ausgerichteten Auslauf zu einer eleganten und hochwertigen Waschtischarmatur. Die brillante Chromoberfl\u00e4che unterstreicht wirkungsvoll die Sch\u00f6nheit dieser Armatur. Leicht beweglich und ergonomisch sensibel abgestimmt, schlie\u00dft der im \u00dcbergang markant gestaltete Hebel die Armatur formvollendet ab. Mit einem speziellen Strahlregler f\u00fcr Niederdruckarmaturen werden die Bedingungen f\u00fcr Hei\u00dfwasserger\u00e4te erf\u00fcllt. Zur Steuerung der Ablaufgarnitur integriert sich im hinteren Bereich dezent die leichtg\u00e4ngige Zugstange, die durch ihre Form auch mit nassen H\u00e4nden bequem und sicher zu bedienen ist. <\/p>\n","protected":false},"featured_media":5926,"template":"","meta":[],"product_cat":[1566,735,1370,1266,1568],"product_tag":[1570,134,1376,1278,1572],"lang":"de","translations":{"de":13828,"en":14812},"pll_sync_post":[],"_links":{"self":[{"href":"https:\/\/2023shop.heinrichschulte.de\/index.php?rest_route=\/wp\/v2\/product\/13828"}],"collection":[{"href":"https:\/\/2023shop.heinrichschulte.de\/index.php?rest_route=\/wp\/v2\/product"}],"about":[{"href":"https:\/\/2023shop.heinrichschulte.de\/index.php?rest_route=\/wp\/v2\/types\/product"}],"version-history":[{"count":1,"href":"https:\/\/2023shop.heinrichschulte.de\/index.php?rest_route=\/wp\/v2\/product\/13828\/revisions"}],"predecessor-version":[{"id":13829,"href":"https:\/\/2023shop.heinrichschulte.de\/index.php?rest_route=\/wp\/v2\/product\/13828\/revisions\/13829"}],"wp:featuredmedia":[{"embeddable":true,"href":"https:\/\/2023shop.heinrichschulte.de\/index.php?rest_route=\/wp\/v2\/media\/5926"}],"wp:attachment":[{"href":"https:\/\/2023shop.heinrichschulte.de\/index.php?rest_route=%2Fwp%2Fv2%2Fmedia&parent=13828"}],"wp:term":[{"taxonomy":"product_cat","embeddable":true,"href":"https:\/\/2023shop.heinrichschulte.de\/index.php?rest_route=%2Fwp%2Fv2%2Fproduct_cat&post=13828"},{"taxonomy":"product_tag","embeddable":true,"href":"https:\/\/2023shop.heinrichschulte.de\/index.php?rest_route=%2Fwp%2Fv2%2Fproduct_tag&post=13828"}],"curies":[{"name":"wp","href":"https:\/\/api.w.org\/{rel}","templated":true}]}}