{"id":13834,"date":"2023-12-04T11:25:58","date_gmt":"2023-12-04T11:25:58","guid":{"rendered":"https:\/\/2023shop.heinrichschulte.de\/?product=alpha_400-kuechenarmatur-niederdruck-2"},"modified":"2023-12-04T11:25:58","modified_gmt":"2023-12-04T11:25:58","slug":"alpha_400-kuechenarmatur-niederdruck-2","status":"publish","type":"product","link":"https:\/\/2023shop.heinrichschulte.de\/?product=alpha_400-kuechenarmatur-niederdruck-2","title":{"rendered":"alpha_400 K\u00fcchenarmatur Niederdruck"},"content":{"rendered":"","protected":false},"excerpt":{"rendered":"<p>Souver\u00e4n und selbstbewusst pr\u00e4sentiert sich diese beeindruckende K\u00fcchenarmatur in ihrem Umfeld. Der horizontale Auslauf f\u00fcgt sich in klarer Linienf\u00fchrung mit spannungsvollen Fl\u00e4chen elegant an den Armaturenk\u00f6rper. Mit modernen Sp\u00fclenformen aus au\u00dfergew\u00f6hnlichen Materialien und mit eleganten Edelstahlsystemen ist diese Armatur in gleicher Weise vorz\u00fcglich kombinierbar. Mit aufw\u00e4ndig aufgebrachtem hochwertigem Chrom werden die formal bedeutungsvollen Oberfl\u00e4chen wirkungsvoll in Szene gesetzt. Der selbstbewusste und elegante Hebel ist pr\u00e4zise austariert und erlaubt ergonomisch sensibel abgestimmt die komfortable Steuerung der Armatur. Mit einem speziellen Strahlregler f\u00fcr Niederdruckarmaturen werden die Bedingungen f\u00fcr Hei\u00dfwasserger\u00e4te erf\u00fcllt. Der schwenkbare Auslauf erm\u00f6glicht komfortables und zielgerichtetes Arbeiten. \u00dcber eine spezielle Schaftverschraubung wird diese hohe Armatur sehr stabil mit der Sp\u00fcle verbunden. <\/p>\n","protected":false},"featured_media":6235,"template":"","meta":[],"product_cat":[1342,1330,1334,1344],"product_tag":[73,71,75,77],"lang":"de","translations":{"de":13834,"en":14818},"pll_sync_post":[],"_links":{"self":[{"href":"https:\/\/2023shop.heinrichschulte.de\/index.php?rest_route=\/wp\/v2\/product\/13834"}],"collection":[{"href":"https:\/\/2023shop.heinrichschulte.de\/index.php?rest_route=\/wp\/v2\/product"}],"about":[{"href":"https:\/\/2023shop.heinrichschulte.de\/index.php?rest_route=\/wp\/v2\/types\/product"}],"version-history":[{"count":1,"href":"https:\/\/2023shop.heinrichschulte.de\/index.php?rest_route=\/wp\/v2\/product\/13834\/revisions"}],"predecessor-version":[{"id":13835,"href":"https:\/\/2023shop.heinrichschulte.de\/index.php?rest_route=\/wp\/v2\/product\/13834\/revisions\/13835"}],"wp:featuredmedia":[{"embeddable":true,"href":"https:\/\/2023shop.heinrichschulte.de\/index.php?rest_route=\/wp\/v2\/media\/6235"}],"wp:attachment":[{"href":"https:\/\/2023shop.heinrichschulte.de\/index.php?rest_route=%2Fwp%2Fv2%2Fmedia&parent=13834"}],"wp:term":[{"taxonomy":"product_cat","embeddable":true,"href":"https:\/\/2023shop.heinrichschulte.de\/index.php?rest_route=%2Fwp%2Fv2%2Fproduct_cat&post=13834"},{"taxonomy":"product_tag","embeddable":true,"href":"https:\/\/2023shop.heinrichschulte.de\/index.php?rest_route=%2Fwp%2Fv2%2Fproduct_tag&post=13834"}],"curies":[{"name":"wp","href":"https:\/\/api.w.org\/{rel}","templated":true}]}}