{"id":13868,"date":"2023-12-04T11:25:59","date_gmt":"2023-12-04T11:25:59","guid":{"rendered":"https:\/\/2023shop.heinrichschulte.de\/?product=alpha_350-kuechenarmatur-niederdruck-205"},"modified":"2023-12-04T11:25:59","modified_gmt":"2023-12-04T11:25:59","slug":"alpha_350-kuechenarmatur-niederdruck-205","status":"publish","type":"product","link":"https:\/\/2023shop.heinrichschulte.de\/?product=alpha_350-kuechenarmatur-niederdruck-205","title":{"rendered":"alpha_350 K\u00fcchenarmatur Niederdruck 205"},"content":{"rendered":"","protected":false},"excerpt":{"rendered":"<p>Mit einer zylindrischen Variante der Auslaufgeometrie wird bei dieser Armatur eine eigenst\u00e4ndige Erscheinungsform geschaffen, die sich angenehm in den Sp\u00fclenbereich einf\u00fcgt. Die brillante Chromoberfl\u00e4che unterstreicht wirkungsvoll die Sch\u00f6nheit dieser Armatur. Zur\u00fcckhaltend in seiner Erscheinungsform und mit flie\u00dfenden formalen \u00dcberg\u00e4ngen liegt der Hebel angenehm und sicher in der Hand. Mit einem speziellen Strahlregler f\u00fcr Niederdruckarmaturen werden die Bedingungen f\u00fcr Hei\u00dfwasserger\u00e4te erf\u00fcllt. Der schwenkbare Auslauf erm\u00f6glicht komfortables und zielgerichtetes Arbeiten. <\/p>\n","protected":false},"featured_media":5851,"template":"","meta":[],"product_cat":[1332,1330,1334,1336],"product_tag":[1338,71,75,1340],"lang":"de","translations":{"de":13868,"en":14822},"pll_sync_post":[],"_links":{"self":[{"href":"https:\/\/2023shop.heinrichschulte.de\/index.php?rest_route=\/wp\/v2\/product\/13868"}],"collection":[{"href":"https:\/\/2023shop.heinrichschulte.de\/index.php?rest_route=\/wp\/v2\/product"}],"about":[{"href":"https:\/\/2023shop.heinrichschulte.de\/index.php?rest_route=\/wp\/v2\/types\/product"}],"version-history":[{"count":1,"href":"https:\/\/2023shop.heinrichschulte.de\/index.php?rest_route=\/wp\/v2\/product\/13868\/revisions"}],"predecessor-version":[{"id":13869,"href":"https:\/\/2023shop.heinrichschulte.de\/index.php?rest_route=\/wp\/v2\/product\/13868\/revisions\/13869"}],"wp:featuredmedia":[{"embeddable":true,"href":"https:\/\/2023shop.heinrichschulte.de\/index.php?rest_route=\/wp\/v2\/media\/5851"}],"wp:attachment":[{"href":"https:\/\/2023shop.heinrichschulte.de\/index.php?rest_route=%2Fwp%2Fv2%2Fmedia&parent=13868"}],"wp:term":[{"taxonomy":"product_cat","embeddable":true,"href":"https:\/\/2023shop.heinrichschulte.de\/index.php?rest_route=%2Fwp%2Fv2%2Fproduct_cat&post=13868"},{"taxonomy":"product_tag","embeddable":true,"href":"https:\/\/2023shop.heinrichschulte.de\/index.php?rest_route=%2Fwp%2Fv2%2Fproduct_tag&post=13868"}],"curies":[{"name":"wp","href":"https:\/\/api.w.org\/{rel}","templated":true}]}}