{"id":13872,"date":"2023-12-04T11:26:00","date_gmt":"2023-12-04T11:26:00","guid":{"rendered":"https:\/\/2023shop.heinrichschulte.de\/?product=malta-kuechenarmatur-niederdruck"},"modified":"2023-12-04T11:26:01","modified_gmt":"2023-12-04T11:26:01","slug":"malta-kuechenarmatur-niederdruck","status":"publish","type":"product","link":"https:\/\/2023shop.heinrichschulte.de\/?product=malta-kuechenarmatur-niederdruck","title":{"rendered":"malta K\u00fcchenarmatur Niederdruck"},"content":{"rendered":"","protected":false},"excerpt":{"rendered":"<p>Selbstbewusst und kraftvoll f\u00fchrt diese Armatur das Wasser \u00fcber einen leicht nach oben gerichteten Auslauf der Nutzung zu. Die brillante Chromoberfl\u00e4che unterstreicht wirkungsvoll die Sch\u00f6nheit dieser Armatur. Formal konsequent \u00fcbernimmt der Hebel folgerichtig das markante Design in Kombination mit besten Bedienkomfort. Mit einem speziellen Strahlregler f\u00fcr Niederdruckarmaturen werden die Bedingungen f\u00fcr Hei\u00dfwasserger\u00e4te erf\u00fcllt. Der schwenkbare Auslauf erm\u00f6glicht komfortables und zielgerichtetes Arbeiten. <\/p>\n","protected":false},"featured_media":6054,"template":"","meta":[],"product_cat":[1330,1334,1656,1654],"product_tag":[71,75,1660,1658],"lang":"de","translations":{"de":13872,"en":14826},"pll_sync_post":[],"_links":{"self":[{"href":"https:\/\/2023shop.heinrichschulte.de\/index.php?rest_route=\/wp\/v2\/product\/13872"}],"collection":[{"href":"https:\/\/2023shop.heinrichschulte.de\/index.php?rest_route=\/wp\/v2\/product"}],"about":[{"href":"https:\/\/2023shop.heinrichschulte.de\/index.php?rest_route=\/wp\/v2\/types\/product"}],"version-history":[{"count":1,"href":"https:\/\/2023shop.heinrichschulte.de\/index.php?rest_route=\/wp\/v2\/product\/13872\/revisions"}],"predecessor-version":[{"id":13873,"href":"https:\/\/2023shop.heinrichschulte.de\/index.php?rest_route=\/wp\/v2\/product\/13872\/revisions\/13873"}],"wp:featuredmedia":[{"embeddable":true,"href":"https:\/\/2023shop.heinrichschulte.de\/index.php?rest_route=\/wp\/v2\/media\/6054"}],"wp:attachment":[{"href":"https:\/\/2023shop.heinrichschulte.de\/index.php?rest_route=%2Fwp%2Fv2%2Fmedia&parent=13872"}],"wp:term":[{"taxonomy":"product_cat","embeddable":true,"href":"https:\/\/2023shop.heinrichschulte.de\/index.php?rest_route=%2Fwp%2Fv2%2Fproduct_cat&post=13872"},{"taxonomy":"product_tag","embeddable":true,"href":"https:\/\/2023shop.heinrichschulte.de\/index.php?rest_route=%2Fwp%2Fv2%2Fproduct_tag&post=13872"}],"curies":[{"name":"wp","href":"https:\/\/api.w.org\/{rel}","templated":true}]}}