{"id":13874,"date":"2023-12-04T11:26:02","date_gmt":"2023-12-04T11:26:02","guid":{"rendered":"https:\/\/2023shop.heinrichschulte.de\/?product=alpha-line_500-fertigbauset-wannenarmatur-fuer-tec-box"},"modified":"2023-12-04T11:26:03","modified_gmt":"2023-12-04T11:26:03","slug":"alpha-line_500-fertigbauset-wannenarmatur-fuer-tec-box","status":"publish","type":"product","link":"https:\/\/2023shop.heinrichschulte.de\/?product=alpha-line_500-fertigbauset-wannenarmatur-fuer-tec-box","title":{"rendered":"alpha-line_500 Fertigbauset Wannenarmatur f\u00fcr Tec-box"},"content":{"rendered":"","protected":false},"excerpt":{"rendered":"<p>Diese smarte und sehr wertige Unterputzarmatur schafft nicht nur wohltuenden Bewegungsfreiraum, sondern unterstreicht mit ihrer Erscheinung die extravagante Gestaltung des Badezimmers. Die brillante Oberfl\u00e4che aus hochwertigem Chrom unterstreicht die hohe Qualit\u00e4t und Einzigartigkeit dieser Armatur. Aus einer zylindrischen Grundform hervorgehend bietet der gro\u00dffl\u00e4chige Hebel sehr gute ergonomische Voraussetzungen f\u00fcr komfortable Bedienung. Angenehm leichtg\u00e4ngig und in jeder Hebelposition bequem zu erreichen, ist der individuell gestaltete Umsteller einfach und sicher zu bedienen. Die sanft gerundeten Ecken der elegant geformten quadratischen Wandrosette bewirken einen harmonischen \u00dcbergang zu unterschiedlichsten Wandgestaltungen. <\/p>\n","protected":false},"featured_media":5884,"template":"","meta":[],"product_cat":[1734,735,1370,1534,1896],"product_tag":[1738,134,1376,1538,1898],"lang":"de","translations":{"de":13874,"en":14828},"pll_sync_post":[],"_links":{"self":[{"href":"https:\/\/2023shop.heinrichschulte.de\/index.php?rest_route=\/wp\/v2\/product\/13874"}],"collection":[{"href":"https:\/\/2023shop.heinrichschulte.de\/index.php?rest_route=\/wp\/v2\/product"}],"about":[{"href":"https:\/\/2023shop.heinrichschulte.de\/index.php?rest_route=\/wp\/v2\/types\/product"}],"version-history":[{"count":1,"href":"https:\/\/2023shop.heinrichschulte.de\/index.php?rest_route=\/wp\/v2\/product\/13874\/revisions"}],"predecessor-version":[{"id":13875,"href":"https:\/\/2023shop.heinrichschulte.de\/index.php?rest_route=\/wp\/v2\/product\/13874\/revisions\/13875"}],"wp:featuredmedia":[{"embeddable":true,"href":"https:\/\/2023shop.heinrichschulte.de\/index.php?rest_route=\/wp\/v2\/media\/5884"}],"wp:attachment":[{"href":"https:\/\/2023shop.heinrichschulte.de\/index.php?rest_route=%2Fwp%2Fv2%2Fmedia&parent=13874"}],"wp:term":[{"taxonomy":"product_cat","embeddable":true,"href":"https:\/\/2023shop.heinrichschulte.de\/index.php?rest_route=%2Fwp%2Fv2%2Fproduct_cat&post=13874"},{"taxonomy":"product_tag","embeddable":true,"href":"https:\/\/2023shop.heinrichschulte.de\/index.php?rest_route=%2Fwp%2Fv2%2Fproduct_tag&post=13874"}],"curies":[{"name":"wp","href":"https:\/\/api.w.org\/{rel}","templated":true}]}}