{"id":13880,"date":"2023-12-04T11:26:06","date_gmt":"2023-12-04T11:26:06","guid":{"rendered":"https:\/\/2023shop.heinrichschulte.de\/?product=alpha_400-brausethermostat-cool-tec-ohne-brausegarnitur"},"modified":"2023-12-04T11:26:07","modified_gmt":"2023-12-04T11:26:07","slug":"alpha_400-brausethermostat-cool-tec-ohne-brausegarnitur","status":"publish","type":"product","link":"https:\/\/2023shop.heinrichschulte.de\/?product=alpha_400-brausethermostat-cool-tec-ohne-brausegarnitur","title":{"rendered":"alpha_400 Brausethermostat Cool-tec ohne Brausegarnitur"},"content":{"rendered":"","protected":false},"excerpt":{"rendered":"<p>Durch die Verwendung der Cool-tec-Technologie bleibt der zylindrisch pur geformte Armaturenk\u00f6rper auch bei langanhaltender Warmwasserentnahme angenehm k\u00fchl. Die Verschmelzung modernster Technologie und edlem Design schaffen ein Highlight f\u00fcr extravagantes Duschambiente. Mit aufw\u00e4ndig aufgebrachtem hochwertigem Chrom werden die formal bedeutungsvollen Oberfl\u00e4chen wirkungsvoll in Szene gesetzt. Wie eine \u00fcbergangslose Verl\u00e4ngerung des Grundk\u00f6rpers sind Mengeneinsteller und Temperaturregler links und rechts positioniert. Durch leichte Verdrehung k\u00f6nnen die Wandanschlussrosetten der Wand angepasst werden. Die in der Wand liegenden S-Anschl\u00fcsse werden sauber abgedeckt. <\/p>\n","protected":false},"featured_media":5341,"template":"","meta":[],"product_cat":[1342,1370,1642,1698,865],"product_tag":[73,1376,1646,1700,873],"lang":"de","translations":{"de":13880,"en":14834},"pll_sync_post":[],"_links":{"self":[{"href":"https:\/\/2023shop.heinrichschulte.de\/index.php?rest_route=\/wp\/v2\/product\/13880"}],"collection":[{"href":"https:\/\/2023shop.heinrichschulte.de\/index.php?rest_route=\/wp\/v2\/product"}],"about":[{"href":"https:\/\/2023shop.heinrichschulte.de\/index.php?rest_route=\/wp\/v2\/types\/product"}],"version-history":[{"count":1,"href":"https:\/\/2023shop.heinrichschulte.de\/index.php?rest_route=\/wp\/v2\/product\/13880\/revisions"}],"predecessor-version":[{"id":13881,"href":"https:\/\/2023shop.heinrichschulte.de\/index.php?rest_route=\/wp\/v2\/product\/13880\/revisions\/13881"}],"wp:featuredmedia":[{"embeddable":true,"href":"https:\/\/2023shop.heinrichschulte.de\/index.php?rest_route=\/wp\/v2\/media\/5341"}],"wp:attachment":[{"href":"https:\/\/2023shop.heinrichschulte.de\/index.php?rest_route=%2Fwp%2Fv2%2Fmedia&parent=13880"}],"wp:term":[{"taxonomy":"product_cat","embeddable":true,"href":"https:\/\/2023shop.heinrichschulte.de\/index.php?rest_route=%2Fwp%2Fv2%2Fproduct_cat&post=13880"},{"taxonomy":"product_tag","embeddable":true,"href":"https:\/\/2023shop.heinrichschulte.de\/index.php?rest_route=%2Fwp%2Fv2%2Fproduct_tag&post=13880"}],"curies":[{"name":"wp","href":"https:\/\/api.w.org\/{rel}","templated":true}]}}