{"id":13882,"date":"2023-12-04T11:26:07","date_gmt":"2023-12-04T11:26:07","guid":{"rendered":"https:\/\/2023shop.heinrichschulte.de\/?product=alpha_350-wannenarmatur-ohne-brausegarnitur-2"},"modified":"2023-12-04T11:26:08","modified_gmt":"2023-12-04T11:26:08","slug":"alpha_350-wannenarmatur-ohne-brausegarnitur-2","status":"publish","type":"product","link":"https:\/\/2023shop.heinrichschulte.de\/?product=alpha_350-wannenarmatur-ohne-brausegarnitur-2","title":{"rendered":"alpha_350 Wannenarmatur ohne Brausegarnitur"},"content":{"rendered":"","protected":false},"excerpt":{"rendered":"<p>Mit klarer Formensprache und ausgewogen proportioniert, harmoniert der Armaturenk\u00f6rper in jeder Einbausituation. Die brillante Chromoberfl\u00e4che unterstreicht wirkungsvoll die Sch\u00f6nheit dieser Armatur. Leicht beweglich und ergonomisch sensibel abgestimmt, schlie\u00dft der im \u00dcbergang markant gestaltete Hebel die Armatur formvollendet ab. Der eingesetzte Spezialstrahlregler erlaubt hohe Durchflussmengen und sch\u00fctzt die Armatur durch seine eigens daf\u00fcr entwickelte Silikon-Lippe vor Kalkablagerungen. Der Umsteller ist in jeder Hebelposition bequem zu erreichen und durch seine besondere Form auch mit nassen H\u00e4nden sicher zu bedienen. Durch leichte Verdrehung k\u00f6nnen die Wandanschlussrosetten der Wand angepasst werden. Die in der Wand liegenden S-Anschl\u00fcsse werden sauber abgedeckt. <\/p>\n","protected":false},"featured_media":5796,"template":"","meta":[],"product_cat":[1332,735,1370,1534,1682],"product_tag":[1338,134,1376,1538,1684],"lang":"de","translations":{"de":13882,"en":14836},"pll_sync_post":[],"_links":{"self":[{"href":"https:\/\/2023shop.heinrichschulte.de\/index.php?rest_route=\/wp\/v2\/product\/13882"}],"collection":[{"href":"https:\/\/2023shop.heinrichschulte.de\/index.php?rest_route=\/wp\/v2\/product"}],"about":[{"href":"https:\/\/2023shop.heinrichschulte.de\/index.php?rest_route=\/wp\/v2\/types\/product"}],"version-history":[{"count":1,"href":"https:\/\/2023shop.heinrichschulte.de\/index.php?rest_route=\/wp\/v2\/product\/13882\/revisions"}],"predecessor-version":[{"id":13883,"href":"https:\/\/2023shop.heinrichschulte.de\/index.php?rest_route=\/wp\/v2\/product\/13882\/revisions\/13883"}],"wp:featuredmedia":[{"embeddable":true,"href":"https:\/\/2023shop.heinrichschulte.de\/index.php?rest_route=\/wp\/v2\/media\/5796"}],"wp:attachment":[{"href":"https:\/\/2023shop.heinrichschulte.de\/index.php?rest_route=%2Fwp%2Fv2%2Fmedia&parent=13882"}],"wp:term":[{"taxonomy":"product_cat","embeddable":true,"href":"https:\/\/2023shop.heinrichschulte.de\/index.php?rest_route=%2Fwp%2Fv2%2Fproduct_cat&post=13882"},{"taxonomy":"product_tag","embeddable":true,"href":"https:\/\/2023shop.heinrichschulte.de\/index.php?rest_route=%2Fwp%2Fv2%2Fproduct_tag&post=13882"}],"curies":[{"name":"wp","href":"https:\/\/api.w.org\/{rel}","templated":true}]}}