{"id":13884,"date":"2023-12-04T11:26:08","date_gmt":"2023-12-04T11:26:08","guid":{"rendered":"https:\/\/2023shop.heinrichschulte.de\/?product=verlaengerung-fuer-unterputzventil-40-fuer-verlaengerte-verzahnung"},"modified":"2023-12-04T11:26:09","modified_gmt":"2023-12-04T11:26:09","slug":"verlaengerung-fuer-unterputzventil-40-fuer-verlaengerte-verzahnung","status":"publish","type":"product","link":"https:\/\/2023shop.heinrichschulte.de\/?product=verlaengerung-fuer-unterputzventil-40-fuer-verlaengerte-verzahnung","title":{"rendered":"Verl\u00e4ngerung f\u00fcr Unterputzventil 40, f\u00fcr verl\u00e4ngerte Verzahnung"},"content":{"rendered":"","protected":false},"excerpt":{"rendered":"","protected":false},"featured_media":4931,"template":"","meta":[],"product_cat":[1262,1542,2054,1260,1548,2056],"product_tag":[1274,1550,2058,1272,1556,2060],"lang":"de","translations":{"de":13884,"en":14838},"pll_sync_post":[],"_links":{"self":[{"href":"https:\/\/2023shop.heinrichschulte.de\/index.php?rest_route=\/wp\/v2\/product\/13884"}],"collection":[{"href":"https:\/\/2023shop.heinrichschulte.de\/index.php?rest_route=\/wp\/v2\/product"}],"about":[{"href":"https:\/\/2023shop.heinrichschulte.de\/index.php?rest_route=\/wp\/v2\/types\/product"}],"version-history":[{"count":1,"href":"https:\/\/2023shop.heinrichschulte.de\/index.php?rest_route=\/wp\/v2\/product\/13884\/revisions"}],"predecessor-version":[{"id":13885,"href":"https:\/\/2023shop.heinrichschulte.de\/index.php?rest_route=\/wp\/v2\/product\/13884\/revisions\/13885"}],"wp:featuredmedia":[{"embeddable":true,"href":"https:\/\/2023shop.heinrichschulte.de\/index.php?rest_route=\/wp\/v2\/media\/4931"}],"wp:attachment":[{"href":"https:\/\/2023shop.heinrichschulte.de\/index.php?rest_route=%2Fwp%2Fv2%2Fmedia&parent=13884"}],"wp:term":[{"taxonomy":"product_cat","embeddable":true,"href":"https:\/\/2023shop.heinrichschulte.de\/index.php?rest_route=%2Fwp%2Fv2%2Fproduct_cat&post=13884"},{"taxonomy":"product_tag","embeddable":true,"href":"https:\/\/2023shop.heinrichschulte.de\/index.php?rest_route=%2Fwp%2Fv2%2Fproduct_tag&post=13884"}],"curies":[{"name":"wp","href":"https:\/\/api.w.org\/{rel}","templated":true}]}}