{"id":13886,"date":"2023-12-04T11:26:09","date_gmt":"2023-12-04T11:26:09","guid":{"rendered":"https:\/\/2023shop.heinrichschulte.de\/?product=malta-kuechenarmatur-210"},"modified":"2023-12-04T11:26:10","modified_gmt":"2023-12-04T11:26:10","slug":"malta-kuechenarmatur-210","status":"publish","type":"product","link":"https:\/\/2023shop.heinrichschulte.de\/?product=malta-kuechenarmatur-210","title":{"rendered":"malta K\u00fcchenarmatur 210"},"content":{"rendered":"","protected":false},"excerpt":{"rendered":"<p>Mit einer zylindrischen Variante der Auslaufgeometrie wird bei dieser Armatur eine eigenst\u00e4ndige Erscheinungsform geschaffen, die sich angenehm in den Sp\u00fclenbereich einf\u00fcgt. Mit aufw\u00e4ndig aufgebrachtem hochwertigem Chrom werden die formal bedeutungsvollen Oberfl\u00e4chen wirkungsvoll in Szene gesetzt. Zur\u00fcckhaltend in seiner Erscheinungsform und mit flie\u00dfenden formalen \u00dcberg\u00e4ngen liegt der Hebel angenehm und sicher in der Hand. Der eingesetzte Spezialstrahlregler hilft Wasser zu sparen und sch\u00fctzt die Armatur durch seine eigens daf\u00fcr entwickelte Silikon-Lippe vor Kalkablagerungen. Der schwenkbare Auslauf erm\u00f6glicht komfortables und zielgerichtetes Arbeiten. <\/p>\n","protected":false},"featured_media":6059,"template":"","meta":[],"product_cat":[1330,1334,1656,1654],"product_tag":[71,75,1660,1658],"lang":"de","translations":{"de":13886,"en":14840},"pll_sync_post":[],"_links":{"self":[{"href":"https:\/\/2023shop.heinrichschulte.de\/index.php?rest_route=\/wp\/v2\/product\/13886"}],"collection":[{"href":"https:\/\/2023shop.heinrichschulte.de\/index.php?rest_route=\/wp\/v2\/product"}],"about":[{"href":"https:\/\/2023shop.heinrichschulte.de\/index.php?rest_route=\/wp\/v2\/types\/product"}],"version-history":[{"count":1,"href":"https:\/\/2023shop.heinrichschulte.de\/index.php?rest_route=\/wp\/v2\/product\/13886\/revisions"}],"predecessor-version":[{"id":13887,"href":"https:\/\/2023shop.heinrichschulte.de\/index.php?rest_route=\/wp\/v2\/product\/13886\/revisions\/13887"}],"wp:featuredmedia":[{"embeddable":true,"href":"https:\/\/2023shop.heinrichschulte.de\/index.php?rest_route=\/wp\/v2\/media\/6059"}],"wp:attachment":[{"href":"https:\/\/2023shop.heinrichschulte.de\/index.php?rest_route=%2Fwp%2Fv2%2Fmedia&parent=13886"}],"wp:term":[{"taxonomy":"product_cat","embeddable":true,"href":"https:\/\/2023shop.heinrichschulte.de\/index.php?rest_route=%2Fwp%2Fv2%2Fproduct_cat&post=13886"},{"taxonomy":"product_tag","embeddable":true,"href":"https:\/\/2023shop.heinrichschulte.de\/index.php?rest_route=%2Fwp%2Fv2%2Fproduct_tag&post=13886"}],"curies":[{"name":"wp","href":"https:\/\/api.w.org\/{rel}","templated":true}]}}