{"id":13902,"date":"2023-12-04T11:26:28","date_gmt":"2023-12-04T11:26:28","guid":{"rendered":"https:\/\/2023shop.heinrichschulte.de\/?product=vivana-kuechenarmatur-niederdruck-mit-ausziehauslauf-2"},"modified":"2023-12-04T11:26:29","modified_gmt":"2023-12-04T11:26:29","slug":"vivana-kuechenarmatur-niederdruck-mit-ausziehauslauf-2","status":"publish","type":"product","link":"https:\/\/2023shop.heinrichschulte.de\/?product=vivana-kuechenarmatur-niederdruck-mit-ausziehauslauf-2","title":{"rendered":"vivana K\u00fcchenarmatur Niederdruck mit Ausziehauslauf"},"content":{"rendered":"","protected":false},"excerpt":{"rendered":"<p>In einem auf das Minimum reduzierten Gesamtvolumen, beherbergt der Armaturenk\u00f6rper die hochwertigen Funktionsmodule mit Anschluss zur seitlichen Steuerung. Die brillante Chromoberfl\u00e4che unterstreicht wirkungsvoll die Sch\u00f6nheit dieser Armatur. Der zylindrigf\u00f6rmige Griff des Hebels ist \u00e4sthetisch dezent von der Basis abgesetzt und l\u00e4sst sich gef\u00fchlvoll und sicher bedienen. Mit einem speziellen Strahlregler f\u00fcr Niederdruckarmaturen werden die Bedingungen f\u00fcr Hei\u00dfwasserger\u00e4te erf\u00fcllt. Der schwenk- und herausziehbare Auslauf erm\u00f6glicht komfortables und zielgerichtetes Arbeiten. Ein eingebauter R\u00fcckflussverhinderer macht die Wasserf\u00fchrung eigensichen. Schmutzwasser kann nicht ins Trinkwasser zur\u00fcckflie\u00dfen. \u00dcber eine spezielle Schaftverschraubung wird diese hohe Armatur sehr stabil mit der Sp\u00fcle verbunden und gew\u00e4hrleistet die sichere F\u00fchrung von herausziehbaren Ausl\u00e4ufen und Handbrausen. <\/p>\n","protected":false},"featured_media":6040,"template":"","meta":[],"product_cat":[1330,1334,1808,1806],"product_tag":[71,75,1812,1810],"lang":"de","translations":{"de":13902,"en":14878},"pll_sync_post":[],"_links":{"self":[{"href":"https:\/\/2023shop.heinrichschulte.de\/index.php?rest_route=\/wp\/v2\/product\/13902"}],"collection":[{"href":"https:\/\/2023shop.heinrichschulte.de\/index.php?rest_route=\/wp\/v2\/product"}],"about":[{"href":"https:\/\/2023shop.heinrichschulte.de\/index.php?rest_route=\/wp\/v2\/types\/product"}],"version-history":[{"count":1,"href":"https:\/\/2023shop.heinrichschulte.de\/index.php?rest_route=\/wp\/v2\/product\/13902\/revisions"}],"predecessor-version":[{"id":13903,"href":"https:\/\/2023shop.heinrichschulte.de\/index.php?rest_route=\/wp\/v2\/product\/13902\/revisions\/13903"}],"wp:featuredmedia":[{"embeddable":true,"href":"https:\/\/2023shop.heinrichschulte.de\/index.php?rest_route=\/wp\/v2\/media\/6040"}],"wp:attachment":[{"href":"https:\/\/2023shop.heinrichschulte.de\/index.php?rest_route=%2Fwp%2Fv2%2Fmedia&parent=13902"}],"wp:term":[{"taxonomy":"product_cat","embeddable":true,"href":"https:\/\/2023shop.heinrichschulte.de\/index.php?rest_route=%2Fwp%2Fv2%2Fproduct_cat&post=13902"},{"taxonomy":"product_tag","embeddable":true,"href":"https:\/\/2023shop.heinrichschulte.de\/index.php?rest_route=%2Fwp%2Fv2%2Fproduct_tag&post=13902"}],"curies":[{"name":"wp","href":"https:\/\/api.w.org\/{rel}","templated":true}]}}