{"id":13918,"date":"2023-12-04T11:26:34","date_gmt":"2023-12-04T11:26:34","guid":{"rendered":"https:\/\/2023shop.heinrichschulte.de\/?product=alpha_300-fertigbauset-brausearmatur-fuer-tec-box_wt"},"modified":"2023-12-04T11:26:34","modified_gmt":"2023-12-04T11:26:34","slug":"alpha_300-fertigbauset-brausearmatur-fuer-tec-box_wt","status":"publish","type":"product","link":"https:\/\/2023shop.heinrichschulte.de\/?product=alpha_300-fertigbauset-brausearmatur-fuer-tec-box_wt","title":{"rendered":"alpha_300 Fertigbauset Brausearmatur  f\u00fcr Tec-box_wt"},"content":{"rendered":"","protected":false},"excerpt":{"rendered":"<p>Auf die Funktion ausgerichtet und puristisch gestaltet, ist diese Armatur ein platzsparendes und gut bedienbares Element im Duschbereich. Die brillante Chromoberfl\u00e4che unterstreicht wirkungsvoll die Sch\u00f6nheit dieser Armatur. Leicht beweglich und ergonomisch sensibel abgestimmt, schlie\u00dft der im \u00dcbergang markant gestaltete Hebel die Armatur formvollendet ab. Seine vertikale Ausrichtung schafft angenehme Bewegungsfreiheit. Die zu beiden Seiten vollrunde Wandrosette, schafft f\u00fcr jede Art der Wandgestaltung einen gestalterisch harmonischen \u00dcbergang. <\/p>\n","protected":false},"featured_media":5968,"template":"","meta":[],"product_cat":[1566,735,1370,1500,2006],"product_tag":[1570,134,1376,1506,2008],"lang":"de","translations":{"de":13918,"en":14894},"pll_sync_post":[],"_links":{"self":[{"href":"https:\/\/2023shop.heinrichschulte.de\/index.php?rest_route=\/wp\/v2\/product\/13918"}],"collection":[{"href":"https:\/\/2023shop.heinrichschulte.de\/index.php?rest_route=\/wp\/v2\/product"}],"about":[{"href":"https:\/\/2023shop.heinrichschulte.de\/index.php?rest_route=\/wp\/v2\/types\/product"}],"version-history":[{"count":1,"href":"https:\/\/2023shop.heinrichschulte.de\/index.php?rest_route=\/wp\/v2\/product\/13918\/revisions"}],"predecessor-version":[{"id":13919,"href":"https:\/\/2023shop.heinrichschulte.de\/index.php?rest_route=\/wp\/v2\/product\/13918\/revisions\/13919"}],"wp:featuredmedia":[{"embeddable":true,"href":"https:\/\/2023shop.heinrichschulte.de\/index.php?rest_route=\/wp\/v2\/media\/5968"}],"wp:attachment":[{"href":"https:\/\/2023shop.heinrichschulte.de\/index.php?rest_route=%2Fwp%2Fv2%2Fmedia&parent=13918"}],"wp:term":[{"taxonomy":"product_cat","embeddable":true,"href":"https:\/\/2023shop.heinrichschulte.de\/index.php?rest_route=%2Fwp%2Fv2%2Fproduct_cat&post=13918"},{"taxonomy":"product_tag","embeddable":true,"href":"https:\/\/2023shop.heinrichschulte.de\/index.php?rest_route=%2Fwp%2Fv2%2Fproduct_tag&post=13918"}],"curies":[{"name":"wp","href":"https:\/\/api.w.org\/{rel}","templated":true}]}}