{"id":13922,"date":"2023-12-04T11:26:35","date_gmt":"2023-12-04T11:26:35","guid":{"rendered":"https:\/\/2023shop.heinrichschulte.de\/?product=alpha-line_500-fertigbauset-waschtischwand-fuer-tec-box_wt"},"modified":"2023-12-04T11:26:36","modified_gmt":"2023-12-04T11:26:36","slug":"alpha-line_500-fertigbauset-waschtischwand-fuer-tec-box_wt","status":"publish","type":"product","link":"https:\/\/2023shop.heinrichschulte.de\/?product=alpha-line_500-fertigbauset-waschtischwand-fuer-tec-box_wt","title":{"rendered":"alpha-line_500 Fertigbauset Waschtischwand f\u00fcr Tec-box_wt"},"content":{"rendered":"","protected":false},"excerpt":{"rendered":"<p>An der Front sanft gerundet zeigt sich der geradlinige Auslauf in seiner puristischen Sch\u00f6nheit. Die brillante Oberfl\u00e4che aus hochwertigem Chrom unterstreicht die hohe Qualit\u00e4t und Einzigartigkeit dieser Armatur. Aus einer zylindrischen Grundform hervorgehend bietet der gro\u00dffl\u00e4chige Hebel sehr gute ergonomische Voraussetzungen f\u00fcr komfortable Bedienung. Der eingesetzte Spezialstrahlregler hilft Wasser zu sparen und sch\u00fctzt die Armatur durch seine eigens daf\u00fcr entwickelte Silikon-Lippe vor Kalkablagerungen. Die angenehm flache und an den Ecken leicht verrundete Wandrosette, erm\u00f6glicht einen extravaganten \u00dcbergang zur Wand. <\/p>\n","protected":false},"featured_media":5868,"template":"","meta":[],"product_cat":[1734,735,1370,1266,1822],"product_tag":[1738,134,1376,1278,1824],"lang":"de","translations":{"de":13922,"en":14898},"pll_sync_post":[],"_links":{"self":[{"href":"https:\/\/2023shop.heinrichschulte.de\/index.php?rest_route=\/wp\/v2\/product\/13922"}],"collection":[{"href":"https:\/\/2023shop.heinrichschulte.de\/index.php?rest_route=\/wp\/v2\/product"}],"about":[{"href":"https:\/\/2023shop.heinrichschulte.de\/index.php?rest_route=\/wp\/v2\/types\/product"}],"version-history":[{"count":1,"href":"https:\/\/2023shop.heinrichschulte.de\/index.php?rest_route=\/wp\/v2\/product\/13922\/revisions"}],"predecessor-version":[{"id":13923,"href":"https:\/\/2023shop.heinrichschulte.de\/index.php?rest_route=\/wp\/v2\/product\/13922\/revisions\/13923"}],"wp:featuredmedia":[{"embeddable":true,"href":"https:\/\/2023shop.heinrichschulte.de\/index.php?rest_route=\/wp\/v2\/media\/5868"}],"wp:attachment":[{"href":"https:\/\/2023shop.heinrichschulte.de\/index.php?rest_route=%2Fwp%2Fv2%2Fmedia&parent=13922"}],"wp:term":[{"taxonomy":"product_cat","embeddable":true,"href":"https:\/\/2023shop.heinrichschulte.de\/index.php?rest_route=%2Fwp%2Fv2%2Fproduct_cat&post=13922"},{"taxonomy":"product_tag","embeddable":true,"href":"https:\/\/2023shop.heinrichschulte.de\/index.php?rest_route=%2Fwp%2Fv2%2Fproduct_tag&post=13922"}],"curies":[{"name":"wp","href":"https:\/\/api.w.org\/{rel}","templated":true}]}}