{"id":13969,"date":"2023-12-04T11:26:42","date_gmt":"2023-12-04T11:26:42","guid":{"rendered":"https:\/\/2023shop.heinrichschulte.de\/?product=ascona_1-wannenthermostat-ohne-brausegarnitur"},"modified":"2023-12-04T11:26:42","modified_gmt":"2023-12-04T11:26:42","slug":"ascona_1-wannenthermostat-ohne-brausegarnitur","status":"publish","type":"product","link":"https:\/\/2023shop.heinrichschulte.de\/?product=ascona_1-wannenthermostat-ohne-brausegarnitur","title":{"rendered":"ascona_1 Wannenthermostat ohne Brausegarnitur"},"content":{"rendered":"","protected":false},"excerpt":{"rendered":"<p>Mit wenigen Handgriffen montiert, verwandelt dieses Duschsystem jeden Duschbereich zum Wellness-Areal. Gen\u00fcssliche und wohltuende Entspannung sind garantiert. Komfortabel l\u00e4sst sich zwischen den Funktionen Hand- und Kopfbrause umschalten. Der Brausestrahl kann auf individuelle Bed\u00fcrfnisse angepasst werden. Die brillante Chromoberfl\u00e4che unterstreicht wirkungsvoll die Sch\u00f6nheit dieser Armatur. Mit Hei\u00dfwassersperre und dezenten Abrutschsicherungen bilden Temperaturregler und Mengeneinsteller eine formal ausgewogene Weiterf\u00fchrung des Grundk\u00f6rpers. Der eingesetzte Spezialstrahlregler erlaubt hohe Durchflussmengen und sch\u00fctzt die Armatur durch seine eigens daf\u00fcr entwickelte Silikon-Lippe vor Kalkablagerungen. Um das Wasser zur Handbrause zu leiten, wird der Mengeneinsteller ganz bequem nach vorne gedreht. Die Temperaturauswahl bleibt davon unber\u00fchrt. Durch leichte Verdrehung k\u00f6nnen die Wandanschlussrosetten der Wand angepasst werden. Die in der Wand liegenden S-Anschl\u00fcsse werden sauber abgedeckt. <\/p>\n","protected":false},"featured_media":5332,"template":"","meta":[],"product_cat":[1590,1370,865,1786,1788],"product_tag":[1594,1376,873,1790,1792],"lang":"de","translations":{"de":13969,"en":14916},"pll_sync_post":[],"_links":{"self":[{"href":"https:\/\/2023shop.heinrichschulte.de\/index.php?rest_route=\/wp\/v2\/product\/13969"}],"collection":[{"href":"https:\/\/2023shop.heinrichschulte.de\/index.php?rest_route=\/wp\/v2\/product"}],"about":[{"href":"https:\/\/2023shop.heinrichschulte.de\/index.php?rest_route=\/wp\/v2\/types\/product"}],"version-history":[{"count":1,"href":"https:\/\/2023shop.heinrichschulte.de\/index.php?rest_route=\/wp\/v2\/product\/13969\/revisions"}],"predecessor-version":[{"id":13970,"href":"https:\/\/2023shop.heinrichschulte.de\/index.php?rest_route=\/wp\/v2\/product\/13969\/revisions\/13970"}],"wp:featuredmedia":[{"embeddable":true,"href":"https:\/\/2023shop.heinrichschulte.de\/index.php?rest_route=\/wp\/v2\/media\/5332"}],"wp:attachment":[{"href":"https:\/\/2023shop.heinrichschulte.de\/index.php?rest_route=%2Fwp%2Fv2%2Fmedia&parent=13969"}],"wp:term":[{"taxonomy":"product_cat","embeddable":true,"href":"https:\/\/2023shop.heinrichschulte.de\/index.php?rest_route=%2Fwp%2Fv2%2Fproduct_cat&post=13969"},{"taxonomy":"product_tag","embeddable":true,"href":"https:\/\/2023shop.heinrichschulte.de\/index.php?rest_route=%2Fwp%2Fv2%2Fproduct_tag&post=13969"}],"curies":[{"name":"wp","href":"https:\/\/api.w.org\/{rel}","templated":true}]}}