{"id":13973,"date":"2023-12-04T11:26:43","date_gmt":"2023-12-04T11:26:43","guid":{"rendered":"https:\/\/2023shop.heinrichschulte.de\/?product=alpha-style_600-bidetarmatur-mit-ablaufgarnitur-2"},"modified":"2023-12-04T11:26:44","modified_gmt":"2023-12-04T11:26:44","slug":"alpha-style_600-bidetarmatur-mit-ablaufgarnitur-2","status":"publish","type":"product","link":"https:\/\/2023shop.heinrichschulte.de\/?product=alpha-style_600-bidetarmatur-mit-ablaufgarnitur-2","title":{"rendered":"alpha-style_600 Bidetarmatur mit Ablaufgarnitur"},"content":{"rendered":"","protected":false},"excerpt":{"rendered":"<p>Stilvoll gestaltet, kompakt gebaut und h\u00f6chsten Anforderungen gerecht, ist diese Armatur ein Schmuckst\u00fcck im hochwertigen Sanit\u00e4rbereich. Die brillante Oberfl\u00e4che aus hochwertigem Chrom unterstreicht die hohe Qualit\u00e4t und Einzigartigkeit dieser Armatur. Der im Griffbereich leicht geschwungene Hebel zelebriert Leichtigkeit und Bewegung und schafft ergonomisch durchdacht Freiraum f\u00fcr komfortable Bedienung. \u00dcber den eingebauten beweglichen Strahlregler l\u00e4sst sich der weiche Wasserstrahl individuell den Bed\u00fcrfnissen angepasst sehr komfortabel in alle Richtungen lenken. Zur Steuerung der Ablaufgarnitur integriert sich im hinteren Bereich dezent die leichtg\u00e4ngige Zugstange, die durch ihre Form auch mit nassen H\u00e4nden bequem und sicher zu bedienen ist. <\/p>\n","protected":false},"featured_media":5541,"template":"","meta":[],"product_cat":[1498,735,1370,1490,2094],"product_tag":[1504,134,1376,1494,2096],"lang":"de","translations":{"de":13973,"en":14920},"pll_sync_post":[],"_links":{"self":[{"href":"https:\/\/2023shop.heinrichschulte.de\/index.php?rest_route=\/wp\/v2\/product\/13973"}],"collection":[{"href":"https:\/\/2023shop.heinrichschulte.de\/index.php?rest_route=\/wp\/v2\/product"}],"about":[{"href":"https:\/\/2023shop.heinrichschulte.de\/index.php?rest_route=\/wp\/v2\/types\/product"}],"version-history":[{"count":1,"href":"https:\/\/2023shop.heinrichschulte.de\/index.php?rest_route=\/wp\/v2\/product\/13973\/revisions"}],"predecessor-version":[{"id":13974,"href":"https:\/\/2023shop.heinrichschulte.de\/index.php?rest_route=\/wp\/v2\/product\/13973\/revisions\/13974"}],"wp:featuredmedia":[{"embeddable":true,"href":"https:\/\/2023shop.heinrichschulte.de\/index.php?rest_route=\/wp\/v2\/media\/5541"}],"wp:attachment":[{"href":"https:\/\/2023shop.heinrichschulte.de\/index.php?rest_route=%2Fwp%2Fv2%2Fmedia&parent=13973"}],"wp:term":[{"taxonomy":"product_cat","embeddable":true,"href":"https:\/\/2023shop.heinrichschulte.de\/index.php?rest_route=%2Fwp%2Fv2%2Fproduct_cat&post=13973"},{"taxonomy":"product_tag","embeddable":true,"href":"https:\/\/2023shop.heinrichschulte.de\/index.php?rest_route=%2Fwp%2Fv2%2Fproduct_tag&post=13973"}],"curies":[{"name":"wp","href":"https:\/\/api.w.org\/{rel}","templated":true}]}}