{"id":13977,"date":"2023-12-04T11:26:44","date_gmt":"2023-12-04T11:26:44","guid":{"rendered":"https:\/\/2023shop.heinrichschulte.de\/?product=alpha_400-fertigbauset-brausethermostat-fuer-tec-box-2"},"modified":"2023-12-04T11:26:45","modified_gmt":"2023-12-04T11:26:45","slug":"alpha_400-fertigbauset-brausethermostat-fuer-tec-box-2","status":"publish","type":"product","link":"https:\/\/2023shop.heinrichschulte.de\/?product=alpha_400-fertigbauset-brausethermostat-fuer-tec-box-2","title":{"rendered":"alpha_400 Fertigbauset Brausethermostat f\u00fcr Tec-box"},"content":{"rendered":"","protected":false},"excerpt":{"rendered":"<p>Diese Thermostatarmatur bietet ein H\u00f6chstma\u00df an Komfort. In einem zweigeteilten zylindrischen Element sind Mengenregler und Thermostatsteuerung untergebracht. Kleine ebenfalls zylinderf\u00f6rmige Indikatoren visualisieren die gew\u00e4hlte Einstellung und schaffen eine rutschsichere Bedienung auch mit nassen H\u00e4nden. Die brillante Chromoberfl\u00e4che unterstreicht wirkungsvoll die Sch\u00f6nheit dieser Armatur. Die sanft gerundeten Ecken der elegant geformten quadratischen Wandrosette bewirken einen harmonischen \u00dcbergang zu unterschiedlichsten Wandgestaltungen. <\/p>\n","protected":false},"featured_media":6217,"template":"","meta":[],"product_cat":[1342,1370,1642,1698,865],"product_tag":[73,1376,1646,1700,873],"lang":"de","translations":{"de":13977,"en":14924},"pll_sync_post":[],"_links":{"self":[{"href":"https:\/\/2023shop.heinrichschulte.de\/index.php?rest_route=\/wp\/v2\/product\/13977"}],"collection":[{"href":"https:\/\/2023shop.heinrichschulte.de\/index.php?rest_route=\/wp\/v2\/product"}],"about":[{"href":"https:\/\/2023shop.heinrichschulte.de\/index.php?rest_route=\/wp\/v2\/types\/product"}],"version-history":[{"count":1,"href":"https:\/\/2023shop.heinrichschulte.de\/index.php?rest_route=\/wp\/v2\/product\/13977\/revisions"}],"predecessor-version":[{"id":13978,"href":"https:\/\/2023shop.heinrichschulte.de\/index.php?rest_route=\/wp\/v2\/product\/13977\/revisions\/13978"}],"wp:featuredmedia":[{"embeddable":true,"href":"https:\/\/2023shop.heinrichschulte.de\/index.php?rest_route=\/wp\/v2\/media\/6217"}],"wp:attachment":[{"href":"https:\/\/2023shop.heinrichschulte.de\/index.php?rest_route=%2Fwp%2Fv2%2Fmedia&parent=13977"}],"wp:term":[{"taxonomy":"product_cat","embeddable":true,"href":"https:\/\/2023shop.heinrichschulte.de\/index.php?rest_route=%2Fwp%2Fv2%2Fproduct_cat&post=13977"},{"taxonomy":"product_tag","embeddable":true,"href":"https:\/\/2023shop.heinrichschulte.de\/index.php?rest_route=%2Fwp%2Fv2%2Fproduct_tag&post=13977"}],"curies":[{"name":"wp","href":"https:\/\/api.w.org\/{rel}","templated":true}]}}