{"id":13985,"date":"2023-12-04T11:26:58","date_gmt":"2023-12-04T11:26:58","guid":{"rendered":"https:\/\/2023shop.heinrichschulte.de\/?product=ascona_1-einbauset-tec-box-1-2"},"modified":"2023-12-04T11:26:58","modified_gmt":"2023-12-04T11:26:58","slug":"ascona_1-einbauset-tec-box-1-2","status":"publish","type":"product","link":"https:\/\/2023shop.heinrichschulte.de\/?product=ascona_1-einbauset-tec-box-1-2","title":{"rendered":"ascona_1 Einbauset Tec-box 1\/2&#8243;"},"content":{"rendered":"","protected":false},"excerpt":{"rendered":"<p>Auf Basis der v\u00f6llig neuartigen Anordnung der Wasserf\u00fchrungsbahnen im Inneren der Tec-box wurde eine intelligente Anschlusstechnik f\u00fcr Unterputzarmaturen im Badezimmer entwickelt. Noch w\u00e4hrend der Armaturenmontage ist eine Feinjustierung m\u00f6glich, was eine optimale Ausrichtung am Fliesenspiegel gew\u00e4hrleistet. Auch rechteckige Wandrosetten sitzen dadurch perfekt und unterstreichen die hohe Qualit\u00e4t dieses Systems. <\/p>\n","protected":false},"featured_media":5482,"template":"","meta":[],"product_cat":[1590,1370,1544,2104,1410],"product_tag":[1594,1376,1552,2106,1418],"lang":"de","translations":{"de":13985,"en":14961},"pll_sync_post":[],"_links":{"self":[{"href":"https:\/\/2023shop.heinrichschulte.de\/index.php?rest_route=\/wp\/v2\/product\/13985"}],"collection":[{"href":"https:\/\/2023shop.heinrichschulte.de\/index.php?rest_route=\/wp\/v2\/product"}],"about":[{"href":"https:\/\/2023shop.heinrichschulte.de\/index.php?rest_route=\/wp\/v2\/types\/product"}],"version-history":[{"count":1,"href":"https:\/\/2023shop.heinrichschulte.de\/index.php?rest_route=\/wp\/v2\/product\/13985\/revisions"}],"predecessor-version":[{"id":13986,"href":"https:\/\/2023shop.heinrichschulte.de\/index.php?rest_route=\/wp\/v2\/product\/13985\/revisions\/13986"}],"wp:featuredmedia":[{"embeddable":true,"href":"https:\/\/2023shop.heinrichschulte.de\/index.php?rest_route=\/wp\/v2\/media\/5482"}],"wp:attachment":[{"href":"https:\/\/2023shop.heinrichschulte.de\/index.php?rest_route=%2Fwp%2Fv2%2Fmedia&parent=13985"}],"wp:term":[{"taxonomy":"product_cat","embeddable":true,"href":"https:\/\/2023shop.heinrichschulte.de\/index.php?rest_route=%2Fwp%2Fv2%2Fproduct_cat&post=13985"},{"taxonomy":"product_tag","embeddable":true,"href":"https:\/\/2023shop.heinrichschulte.de\/index.php?rest_route=%2Fwp%2Fv2%2Fproduct_tag&post=13985"}],"curies":[{"name":"wp","href":"https:\/\/api.w.org\/{rel}","templated":true}]}}