{"id":13991,"date":"2023-12-04T11:26:59","date_gmt":"2023-12-04T11:26:59","guid":{"rendered":"https:\/\/2023shop.heinrichschulte.de\/?product=malta-kuechenarmatur-fuer-unterfenstermontage"},"modified":"2023-12-04T11:27:00","modified_gmt":"2023-12-04T11:27:00","slug":"malta-kuechenarmatur-fuer-unterfenstermontage","status":"publish","type":"product","link":"https:\/\/2023shop.heinrichschulte.de\/?product=malta-kuechenarmatur-fuer-unterfenstermontage","title":{"rendered":"malta K\u00fcchenarmatur f\u00fcr Unterfenstermontage"},"content":{"rendered":"","protected":false},"excerpt":{"rendered":"<p>Selbstbewusst und kraftvoll f\u00fchrt diese Armatur das Wasser \u00fcber einen leicht nach oben gerichteten Auslauf der Nutzung zu. Die brillante Chromoberfl\u00e4che unterstreicht wirkungsvoll die Sch\u00f6nheit dieser Armatur. Formal konsequent \u00fcbernimmt der Hebel folgerichtig das markante Design in Kombination mit besten Bedienkomfort. Der mit wirkungsvollem Kalkschutz ausgestattete Spezialstrahlregler gew\u00e4hrleistet eine optimal bel\u00fcftete Strahlqualit\u00e4t. Dadurch wird Wasser gespart und Spritzwasser verhindert. Der schwenkbare Auslauf erm\u00f6glicht komfortables und zielgerichtetes Arbeiten. Unter einem Fenster auf der Sp\u00fcle montiert, kann die Armatur zum \u00d6ffnen des Fensters sicher und bequem abgenommen werden. \u00dcber eine spezielle Schaftverschraubung wird diese hohe Armatur sehr stabil mit der Sp\u00fcle verbunden. <\/p>\n","protected":false},"featured_media":6052,"template":"","meta":[],"product_cat":[1330,1334,1656,1654],"product_tag":[71,75,1660,1658],"lang":"de","translations":{"de":13991,"en":14967},"pll_sync_post":[],"_links":{"self":[{"href":"https:\/\/2023shop.heinrichschulte.de\/index.php?rest_route=\/wp\/v2\/product\/13991"}],"collection":[{"href":"https:\/\/2023shop.heinrichschulte.de\/index.php?rest_route=\/wp\/v2\/product"}],"about":[{"href":"https:\/\/2023shop.heinrichschulte.de\/index.php?rest_route=\/wp\/v2\/types\/product"}],"version-history":[{"count":1,"href":"https:\/\/2023shop.heinrichschulte.de\/index.php?rest_route=\/wp\/v2\/product\/13991\/revisions"}],"predecessor-version":[{"id":13992,"href":"https:\/\/2023shop.heinrichschulte.de\/index.php?rest_route=\/wp\/v2\/product\/13991\/revisions\/13992"}],"wp:featuredmedia":[{"embeddable":true,"href":"https:\/\/2023shop.heinrichschulte.de\/index.php?rest_route=\/wp\/v2\/media\/6052"}],"wp:attachment":[{"href":"https:\/\/2023shop.heinrichschulte.de\/index.php?rest_route=%2Fwp%2Fv2%2Fmedia&parent=13991"}],"wp:term":[{"taxonomy":"product_cat","embeddable":true,"href":"https:\/\/2023shop.heinrichschulte.de\/index.php?rest_route=%2Fwp%2Fv2%2Fproduct_cat&post=13991"},{"taxonomy":"product_tag","embeddable":true,"href":"https:\/\/2023shop.heinrichschulte.de\/index.php?rest_route=%2Fwp%2Fv2%2Fproduct_tag&post=13991"}],"curies":[{"name":"wp","href":"https:\/\/api.w.org\/{rel}","templated":true}]}}