{"id":14005,"date":"2023-12-04T11:27:06","date_gmt":"2023-12-04T11:27:06","guid":{"rendered":"https:\/\/2023shop.heinrichschulte.de\/?product=alpha-line_500-wanneneinlauf"},"modified":"2023-12-04T11:27:07","modified_gmt":"2023-12-04T11:27:07","slug":"alpha-line_500-wanneneinlauf","status":"publish","type":"product","link":"https:\/\/2023shop.heinrichschulte.de\/?product=alpha-line_500-wanneneinlauf","title":{"rendered":"alpha-line_500 Wanneneinlauf"},"content":{"rendered":"","protected":false},"excerpt":{"rendered":"<p>An der Front sanft gerundet zeigt sich der geradlinige Auslauf in seiner puristischen Sch\u00f6nheit. Die brillante Oberfl\u00e4che aus hochwertigem Chrom unterstreicht die hohe Qualit\u00e4t und Einzigartigkeit dieser Armatur. Der eingesetzte Spezialstrahlregler erlaubt hohe Durchflussmengen und sch\u00fctzt die Armatur durch seine eigens daf\u00fcr entwickelte Silikon-Lippe vor Kalkablagerungen. Die von vorne elegant aufgeschobene und an den Ecken leicht verrundete Wandrosette erm\u00f6glicht einen extravaganten \u00dcbergang zur Wand. <\/p>\n","protected":false},"featured_media":5887,"template":"","meta":[],"product_cat":[1734,735,1370,1534,1896],"product_tag":[1738,134,1376,1538,1898],"lang":"de","translations":{"de":14005,"en":14981},"pll_sync_post":[],"_links":{"self":[{"href":"https:\/\/2023shop.heinrichschulte.de\/index.php?rest_route=\/wp\/v2\/product\/14005"}],"collection":[{"href":"https:\/\/2023shop.heinrichschulte.de\/index.php?rest_route=\/wp\/v2\/product"}],"about":[{"href":"https:\/\/2023shop.heinrichschulte.de\/index.php?rest_route=\/wp\/v2\/types\/product"}],"version-history":[{"count":1,"href":"https:\/\/2023shop.heinrichschulte.de\/index.php?rest_route=\/wp\/v2\/product\/14005\/revisions"}],"predecessor-version":[{"id":14006,"href":"https:\/\/2023shop.heinrichschulte.de\/index.php?rest_route=\/wp\/v2\/product\/14005\/revisions\/14006"}],"wp:featuredmedia":[{"embeddable":true,"href":"https:\/\/2023shop.heinrichschulte.de\/index.php?rest_route=\/wp\/v2\/media\/5887"}],"wp:attachment":[{"href":"https:\/\/2023shop.heinrichschulte.de\/index.php?rest_route=%2Fwp%2Fv2%2Fmedia&parent=14005"}],"wp:term":[{"taxonomy":"product_cat","embeddable":true,"href":"https:\/\/2023shop.heinrichschulte.de\/index.php?rest_route=%2Fwp%2Fv2%2Fproduct_cat&post=14005"},{"taxonomy":"product_tag","embeddable":true,"href":"https:\/\/2023shop.heinrichschulte.de\/index.php?rest_route=%2Fwp%2Fv2%2Fproduct_tag&post=14005"}],"curies":[{"name":"wp","href":"https:\/\/api.w.org\/{rel}","templated":true}]}}