{"id":14044,"date":"2023-12-04T11:27:11","date_gmt":"2023-12-04T11:27:11","guid":{"rendered":"https:\/\/2023shop.heinrichschulte.de\/?product=malta-kuechenarmatur"},"modified":"2023-12-04T11:27:12","modified_gmt":"2023-12-04T11:27:12","slug":"malta-kuechenarmatur","status":"publish","type":"product","link":"https:\/\/2023shop.heinrichschulte.de\/?product=malta-kuechenarmatur","title":{"rendered":"malta K\u00fcchenarmatur"},"content":{"rendered":"","protected":false},"excerpt":{"rendered":"<p>Selbstbewusst und kraftvoll f\u00fchrt diese Armatur das Wasser \u00fcber einen leicht nach oben gerichteten Auslauf der Nutzung zu. Die brillante Chromoberfl\u00e4che unterstreicht wirkungsvoll die Sch\u00f6nheit dieser Armatur. Formal konsequent \u00fcbernimmt der Hebel folgerichtig das markante Design in Kombination mit besten Bedienkomfort. Der mit wirkungsvollem Kalkschutz ausgestattete Spezialstrahlregler gew\u00e4hrleistet eine optimal bel\u00fcftete Strahlqualit\u00e4t. Dadurch wird Wasser gespart und Spritzwasser verhindert. Der schwenkbare Auslauf erm\u00f6glicht komfortables und zielgerichtetes Arbeiten. <\/p>\n","protected":false},"featured_media":6049,"template":"","meta":[],"product_cat":[1330,1334,1656,1654],"product_tag":[71,75,1660,1658],"lang":"de","translations":{"de":14044,"en":14991},"pll_sync_post":[],"_links":{"self":[{"href":"https:\/\/2023shop.heinrichschulte.de\/index.php?rest_route=\/wp\/v2\/product\/14044"}],"collection":[{"href":"https:\/\/2023shop.heinrichschulte.de\/index.php?rest_route=\/wp\/v2\/product"}],"about":[{"href":"https:\/\/2023shop.heinrichschulte.de\/index.php?rest_route=\/wp\/v2\/types\/product"}],"version-history":[{"count":1,"href":"https:\/\/2023shop.heinrichschulte.de\/index.php?rest_route=\/wp\/v2\/product\/14044\/revisions"}],"predecessor-version":[{"id":14045,"href":"https:\/\/2023shop.heinrichschulte.de\/index.php?rest_route=\/wp\/v2\/product\/14044\/revisions\/14045"}],"wp:featuredmedia":[{"embeddable":true,"href":"https:\/\/2023shop.heinrichschulte.de\/index.php?rest_route=\/wp\/v2\/media\/6049"}],"wp:attachment":[{"href":"https:\/\/2023shop.heinrichschulte.de\/index.php?rest_route=%2Fwp%2Fv2%2Fmedia&parent=14044"}],"wp:term":[{"taxonomy":"product_cat","embeddable":true,"href":"https:\/\/2023shop.heinrichschulte.de\/index.php?rest_route=%2Fwp%2Fv2%2Fproduct_cat&post=14044"},{"taxonomy":"product_tag","embeddable":true,"href":"https:\/\/2023shop.heinrichschulte.de\/index.php?rest_route=%2Fwp%2Fv2%2Fproduct_tag&post=14044"}],"curies":[{"name":"wp","href":"https:\/\/api.w.org\/{rel}","templated":true}]}}