{"id":14052,"date":"2023-12-04T11:27:14","date_gmt":"2023-12-04T11:27:14","guid":{"rendered":"https:\/\/2023shop.heinrichschulte.de\/?product=ascona_1-kuechenarmatur-niederdruck-mit-geraeteanschluss"},"modified":"2023-12-04T11:27:15","modified_gmt":"2023-12-04T11:27:15","slug":"ascona_1-kuechenarmatur-niederdruck-mit-geraeteanschluss","status":"publish","type":"product","link":"https:\/\/2023shop.heinrichschulte.de\/?product=ascona_1-kuechenarmatur-niederdruck-mit-geraeteanschluss","title":{"rendered":"ascona_1 K\u00fcchenarmatur Niederdruck mit Ger\u00e4teanschluss"},"content":{"rendered":"","protected":false},"excerpt":{"rendered":"<p>Harmonisch f\u00fcgen sich Armaturenk\u00f6rper und Auslauf zu einer schwungvollen Gestaltungseinheit zusammen. Sch\u00f6ner l\u00e4sst sich die Dynamik flie\u00dfenden Wassers nicht pr\u00e4sentieren. Die brillante Chromoberfl\u00e4che unterstreicht wirkungsvoll die Sch\u00f6nheit dieser Armatur. Durch den weit nach oben gerichteten Hebel wird die Gestaltungsintension der Armatur exquisit vollendet und optimaler Zugriff erm\u00f6glicht. Mit einem speziellen Strahlregler f\u00fcr Niederdruckarmaturen werden die Bedingungen f\u00fcr Hei\u00dfwasserger\u00e4te erf\u00fcllt. Der schwenkbare Auslauf erm\u00f6glicht komfortables und zielgerichtetes Arbeiten. Diese Armatur ist mit einem Anschluss f\u00fcr externe Ger\u00e4te ausgestattet und erm\u00f6glicht beispielweise sehr komfortabel den Wasserzulauf f\u00fcr die Sp\u00fclmaschine zu \u00f6ffnen und zu schlie\u00dfen. <\/p>\n","protected":false},"featured_media":5520,"template":"","meta":[],"product_cat":[1590,1330,1334,1592],"product_tag":[1594,71,75,1596],"lang":"de","translations":{"de":14052,"en":14999},"pll_sync_post":[],"_links":{"self":[{"href":"https:\/\/2023shop.heinrichschulte.de\/index.php?rest_route=\/wp\/v2\/product\/14052"}],"collection":[{"href":"https:\/\/2023shop.heinrichschulte.de\/index.php?rest_route=\/wp\/v2\/product"}],"about":[{"href":"https:\/\/2023shop.heinrichschulte.de\/index.php?rest_route=\/wp\/v2\/types\/product"}],"version-history":[{"count":1,"href":"https:\/\/2023shop.heinrichschulte.de\/index.php?rest_route=\/wp\/v2\/product\/14052\/revisions"}],"predecessor-version":[{"id":14053,"href":"https:\/\/2023shop.heinrichschulte.de\/index.php?rest_route=\/wp\/v2\/product\/14052\/revisions\/14053"}],"wp:featuredmedia":[{"embeddable":true,"href":"https:\/\/2023shop.heinrichschulte.de\/index.php?rest_route=\/wp\/v2\/media\/5520"}],"wp:attachment":[{"href":"https:\/\/2023shop.heinrichschulte.de\/index.php?rest_route=%2Fwp%2Fv2%2Fmedia&parent=14052"}],"wp:term":[{"taxonomy":"product_cat","embeddable":true,"href":"https:\/\/2023shop.heinrichschulte.de\/index.php?rest_route=%2Fwp%2Fv2%2Fproduct_cat&post=14052"},{"taxonomy":"product_tag","embeddable":true,"href":"https:\/\/2023shop.heinrichschulte.de\/index.php?rest_route=%2Fwp%2Fv2%2Fproduct_tag&post=14052"}],"curies":[{"name":"wp","href":"https:\/\/api.w.org\/{rel}","templated":true}]}}