{"id":14076,"date":"2023-12-04T11:27:29","date_gmt":"2023-12-04T11:27:29","guid":{"rendered":"https:\/\/2023shop.heinrichschulte.de\/?product=alpha_400-fertigbauset-waschtischwand-fuer-tec-box_wt-2"},"modified":"2023-12-04T11:27:30","modified_gmt":"2023-12-04T11:27:30","slug":"alpha_400-fertigbauset-waschtischwand-fuer-tec-box_wt-2","status":"publish","type":"product","link":"https:\/\/2023shop.heinrichschulte.de\/?product=alpha_400-fertigbauset-waschtischwand-fuer-tec-box_wt-2","title":{"rendered":"alpha_400 Fertigbauset Waschtischwand f\u00fcr Tec-box_wt"},"content":{"rendered":"","protected":false},"excerpt":{"rendered":"<p>Die Oberfl\u00e4che des Auslaufs ist in klarer Linienf\u00fchrung markant definiert. Der wasserf\u00fchrende K\u00f6rper f\u00fcgt sich kraftvoll gew\u00f6lbt von der Unterseite dieser Fl\u00e4che an. Mit aufw\u00e4ndig aufgebrachtem hochwertigem Chrom werden die formal bedeutungsvollen Oberfl\u00e4chen wirkungsvoll in Szene gesetzt. Parallel zur Wand vertikal ausgerichtet wird der selbstbewusste Hebel zur Basis f\u00fcr h\u00f6chsten Komfort. Die angenehm flache und an den Ecken leicht verrundete Wandrosette, erm\u00f6glicht einen extravaganten \u00dcbergang zur Wand. <\/p>\n","protected":false},"featured_media":6155,"template":"","meta":[],"product_cat":[1342,735,1370,1266,1754],"product_tag":[73,134,1376,1278,1756],"lang":"de","translations":{"de":14076,"en":15046},"pll_sync_post":[],"_links":{"self":[{"href":"https:\/\/2023shop.heinrichschulte.de\/index.php?rest_route=\/wp\/v2\/product\/14076"}],"collection":[{"href":"https:\/\/2023shop.heinrichschulte.de\/index.php?rest_route=\/wp\/v2\/product"}],"about":[{"href":"https:\/\/2023shop.heinrichschulte.de\/index.php?rest_route=\/wp\/v2\/types\/product"}],"version-history":[{"count":1,"href":"https:\/\/2023shop.heinrichschulte.de\/index.php?rest_route=\/wp\/v2\/product\/14076\/revisions"}],"predecessor-version":[{"id":14077,"href":"https:\/\/2023shop.heinrichschulte.de\/index.php?rest_route=\/wp\/v2\/product\/14076\/revisions\/14077"}],"wp:featuredmedia":[{"embeddable":true,"href":"https:\/\/2023shop.heinrichschulte.de\/index.php?rest_route=\/wp\/v2\/media\/6155"}],"wp:attachment":[{"href":"https:\/\/2023shop.heinrichschulte.de\/index.php?rest_route=%2Fwp%2Fv2%2Fmedia&parent=14076"}],"wp:term":[{"taxonomy":"product_cat","embeddable":true,"href":"https:\/\/2023shop.heinrichschulte.de\/index.php?rest_route=%2Fwp%2Fv2%2Fproduct_cat&post=14076"},{"taxonomy":"product_tag","embeddable":true,"href":"https:\/\/2023shop.heinrichschulte.de\/index.php?rest_route=%2Fwp%2Fv2%2Fproduct_tag&post=14076"}],"curies":[{"name":"wp","href":"https:\/\/api.w.org\/{rel}","templated":true}]}}