{"id":14094,"date":"2023-12-04T11:27:34","date_gmt":"2023-12-04T11:27:34","guid":{"rendered":"https:\/\/2023shop.heinrichschulte.de\/?product=ascona_1-shower_pipe-thermostat"},"modified":"2023-12-04T11:27:35","modified_gmt":"2023-12-04T11:27:35","slug":"ascona_1-shower_pipe-thermostat","status":"publish","type":"product","link":"https:\/\/2023shop.heinrichschulte.de\/?product=ascona_1-shower_pipe-thermostat","title":{"rendered":"ascona_1 shower_pipe Thermostat"},"content":{"rendered":"","protected":false},"excerpt":{"rendered":"<p>Sinnliche und wohltuende Entspannung ist mit diesem Duschsystem garantiert. Mit wenigen Handgriffen montiert, verwandelt es jeden Duschbereich zum Wellness-Areal. Sicher und komfortabel l\u00e4sst sich zwischen den Funktionen Hand- und Kopfbrause w\u00e4hlen. In purisitischer Klarheit ist der zylindrisch K\u00f6rper der Armatur horizontal ausgerichtet. Die brillante Chromoberfl\u00e4che unterstreicht wirkungsvoll die Sch\u00f6nheit dieser Armatur. Die als runde Scheibe gestaltete Regenbrause sorgt mit vielen kleinen Silikond\u00fcsen, diie das Verkalken des Brauseelements verhindern, f\u00fcr sanfte Wasserstrahlen. Duschen wird durch sie zum wohligen Genuss. Die Ruheposition der formal dem Duschsystem angepasste Handbrause ist individuell einstellbar. Luxuri\u00f6s in der Handhabung bietet sie f\u00fcnf unterschiedliche Strahlvarianten. Mit Hei\u00dfwassersperre und dezenten Abrutschsicherungen bilden Temperaturregler und Mengeneinsteller eine formal ausgewogene Weiterf\u00fchrung des Grundk\u00f6rpers. Um das Wasser zur Handbrause zu leiten, wird der Mengeneinsteller ganz bequem nach vorne gedreht. Die Temperaturauswahl bleibt davon unber\u00fchrt. Durch leichte Verdrehung k\u00f6nnen die Wandanschlussrosetten der Wand angepasst werden. Die in der Wand liegenden S-Anschl\u00fcsse werden sauber abgedeckt. <\/p>\n","protected":false},"featured_media":5335,"template":"","meta":[],"product_cat":[1590,1370,827,1876,2050],"product_tag":[1594,1376,839,1880,2052],"lang":"de","translations":{"de":14094,"en":15064},"pll_sync_post":[],"_links":{"self":[{"href":"https:\/\/2023shop.heinrichschulte.de\/index.php?rest_route=\/wp\/v2\/product\/14094"}],"collection":[{"href":"https:\/\/2023shop.heinrichschulte.de\/index.php?rest_route=\/wp\/v2\/product"}],"about":[{"href":"https:\/\/2023shop.heinrichschulte.de\/index.php?rest_route=\/wp\/v2\/types\/product"}],"version-history":[{"count":1,"href":"https:\/\/2023shop.heinrichschulte.de\/index.php?rest_route=\/wp\/v2\/product\/14094\/revisions"}],"predecessor-version":[{"id":14095,"href":"https:\/\/2023shop.heinrichschulte.de\/index.php?rest_route=\/wp\/v2\/product\/14094\/revisions\/14095"}],"wp:featuredmedia":[{"embeddable":true,"href":"https:\/\/2023shop.heinrichschulte.de\/index.php?rest_route=\/wp\/v2\/media\/5335"}],"wp:attachment":[{"href":"https:\/\/2023shop.heinrichschulte.de\/index.php?rest_route=%2Fwp%2Fv2%2Fmedia&parent=14094"}],"wp:term":[{"taxonomy":"product_cat","embeddable":true,"href":"https:\/\/2023shop.heinrichschulte.de\/index.php?rest_route=%2Fwp%2Fv2%2Fproduct_cat&post=14094"},{"taxonomy":"product_tag","embeddable":true,"href":"https:\/\/2023shop.heinrichschulte.de\/index.php?rest_route=%2Fwp%2Fv2%2Fproduct_tag&post=14094"}],"curies":[{"name":"wp","href":"https:\/\/api.w.org\/{rel}","templated":true}]}}