{"id":14136,"date":"2023-12-04T11:27:39","date_gmt":"2023-12-04T11:27:39","guid":{"rendered":"https:\/\/2023shop.heinrichschulte.de\/?product=alpha_400-wannenarmatur-ohne-brausegarnitur-2"},"modified":"2023-12-04T11:27:39","modified_gmt":"2023-12-04T11:27:39","slug":"alpha_400-wannenarmatur-ohne-brausegarnitur-2","status":"publish","type":"product","link":"https:\/\/2023shop.heinrichschulte.de\/?product=alpha_400-wannenarmatur-ohne-brausegarnitur-2","title":{"rendered":"alpha_400 Wannenarmatur ohne Brausegarnitur"},"content":{"rendered":"","protected":false},"excerpt":{"rendered":"<p>In klarer Linienf\u00fchrung formen die spannend miteinander korrespondierenden Fl\u00e4chen eine ausgesucht pr\u00e4sente Wannenarmatur f\u00fcr ein stilvolles Badezimmerambiente. Mit aufw\u00e4ndig aufgebrachtem hochwertigem Chrom werden die formal bedeutungsvollen Oberfl\u00e4chen wirkungsvoll in Szene gesetzt. Der selbstbewusste und elegante Hebel ist pr\u00e4zise austariert und erlaubt ergonomisch sensibel abgestimmt die komfortable Steuerung der Armatur. Zur optimalen Positionierung des Wasserstrahls kann der f\u00fcr gro\u00dfe Durchflussmengen konzipierte bewegliche Strahlregler in alle Richtungen geschwenkt werden. Angenehm leichtg\u00e4ngig und in jeder Hebelposition bequem zu erreichen, ist der individuell gestaltete Umsteller einfach und sicher zu bedienen. Leicht der Wand anpassbare Schubrosetten umschlie\u00dfen elegant die Zuleitungen und verleihen der Armatur auch im Anschlussbereich eine sehr hochwertige Erscheinung. <\/p>\n","protected":false},"featured_media":6174,"template":"","meta":[],"product_cat":[1342,735,1370,1534,1762],"product_tag":[73,134,1376,1538,1764],"lang":"de","translations":{"de":14136,"en":15076},"pll_sync_post":[],"_links":{"self":[{"href":"https:\/\/2023shop.heinrichschulte.de\/index.php?rest_route=\/wp\/v2\/product\/14136"}],"collection":[{"href":"https:\/\/2023shop.heinrichschulte.de\/index.php?rest_route=\/wp\/v2\/product"}],"about":[{"href":"https:\/\/2023shop.heinrichschulte.de\/index.php?rest_route=\/wp\/v2\/types\/product"}],"version-history":[{"count":1,"href":"https:\/\/2023shop.heinrichschulte.de\/index.php?rest_route=\/wp\/v2\/product\/14136\/revisions"}],"predecessor-version":[{"id":14137,"href":"https:\/\/2023shop.heinrichschulte.de\/index.php?rest_route=\/wp\/v2\/product\/14136\/revisions\/14137"}],"wp:featuredmedia":[{"embeddable":true,"href":"https:\/\/2023shop.heinrichschulte.de\/index.php?rest_route=\/wp\/v2\/media\/6174"}],"wp:attachment":[{"href":"https:\/\/2023shop.heinrichschulte.de\/index.php?rest_route=%2Fwp%2Fv2%2Fmedia&parent=14136"}],"wp:term":[{"taxonomy":"product_cat","embeddable":true,"href":"https:\/\/2023shop.heinrichschulte.de\/index.php?rest_route=%2Fwp%2Fv2%2Fproduct_cat&post=14136"},{"taxonomy":"product_tag","embeddable":true,"href":"https:\/\/2023shop.heinrichschulte.de\/index.php?rest_route=%2Fwp%2Fv2%2Fproduct_tag&post=14136"}],"curies":[{"name":"wp","href":"https:\/\/api.w.org\/{rel}","templated":true}]}}