{"id":14138,"date":"2023-12-04T11:27:39","date_gmt":"2023-12-04T11:27:39","guid":{"rendered":"https:\/\/2023shop.heinrichschulte.de\/?product=alpha-line_500-brausearmatur-ohne-brausegarnitur"},"modified":"2023-12-04T11:27:40","modified_gmt":"2023-12-04T11:27:40","slug":"alpha-line_500-brausearmatur-ohne-brausegarnitur","status":"publish","type":"product","link":"https:\/\/2023shop.heinrichschulte.de\/?product=alpha-line_500-brausearmatur-ohne-brausegarnitur","title":{"rendered":"alpha-line_500 Brausearmatur ohne Brausegarnitur"},"content":{"rendered":"","protected":false},"excerpt":{"rendered":"<p>\u00dcber einen langgestreckten puristisch gestalteten K\u00f6rper gelangt das Wasser in den Brauseanschluss. Die brillante Oberfl\u00e4che aus hochwertigem Chrom unterstreicht die hohe Qualit\u00e4t und Einzigartigkeit dieser Armatur. Mit monolithisch aus dem Armaturenk\u00f6rper heraus entwickelter Grundform bietet der Hebel gro\u00dffl\u00e4chig sehr gute ergonomische Voraussetzungen f\u00fcr komfortable Bedienung. Leicht der Wand anpassbare Schubrosetten umschlie\u00dfen elegant die Zuleitungen und verleihen der Armatur auch im Anschlussbereich eine sehr hochwertige Erscheinung. <\/p>\n","protected":false},"featured_media":5890,"template":"","meta":[],"product_cat":[1734,735,1370,1500,1736],"product_tag":[1738,134,1376,1506,1740],"lang":"de","translations":{"de":14138,"en":15078},"pll_sync_post":[],"_links":{"self":[{"href":"https:\/\/2023shop.heinrichschulte.de\/index.php?rest_route=\/wp\/v2\/product\/14138"}],"collection":[{"href":"https:\/\/2023shop.heinrichschulte.de\/index.php?rest_route=\/wp\/v2\/product"}],"about":[{"href":"https:\/\/2023shop.heinrichschulte.de\/index.php?rest_route=\/wp\/v2\/types\/product"}],"version-history":[{"count":1,"href":"https:\/\/2023shop.heinrichschulte.de\/index.php?rest_route=\/wp\/v2\/product\/14138\/revisions"}],"predecessor-version":[{"id":14139,"href":"https:\/\/2023shop.heinrichschulte.de\/index.php?rest_route=\/wp\/v2\/product\/14138\/revisions\/14139"}],"wp:featuredmedia":[{"embeddable":true,"href":"https:\/\/2023shop.heinrichschulte.de\/index.php?rest_route=\/wp\/v2\/media\/5890"}],"wp:attachment":[{"href":"https:\/\/2023shop.heinrichschulte.de\/index.php?rest_route=%2Fwp%2Fv2%2Fmedia&parent=14138"}],"wp:term":[{"taxonomy":"product_cat","embeddable":true,"href":"https:\/\/2023shop.heinrichschulte.de\/index.php?rest_route=%2Fwp%2Fv2%2Fproduct_cat&post=14138"},{"taxonomy":"product_tag","embeddable":true,"href":"https:\/\/2023shop.heinrichschulte.de\/index.php?rest_route=%2Fwp%2Fv2%2Fproduct_tag&post=14138"}],"curies":[{"name":"wp","href":"https:\/\/api.w.org\/{rel}","templated":true}]}}