{"id":14152,"date":"2023-12-04T11:27:53","date_gmt":"2023-12-04T11:27:53","guid":{"rendered":"https:\/\/2023shop.heinrichschulte.de\/?product=ascona_1-fertigbauset-2-3-wege-umsteller"},"modified":"2023-12-04T11:27:53","modified_gmt":"2023-12-04T11:27:53","slug":"ascona_1-fertigbauset-2-3-wege-umsteller","status":"publish","type":"product","link":"https:\/\/2023shop.heinrichschulte.de\/?product=ascona_1-fertigbauset-2-3-wege-umsteller","title":{"rendered":"ascona_1 Fertigbauset 2\/3 Wege-Umsteller"},"content":{"rendered":"","protected":false},"excerpt":{"rendered":"<p>Durch eine oben liegende \u00dcberw\u00f6lbung im Griff wird dessen Grundstellung angezeigt. Die Wasserf\u00fchrung f\u00fcr drei unterschiedliche Entnahemrichtungen kann damit komfortabel geregelt werden. Die brillante Chromoberfl\u00e4che unterstreicht wirkungsvoll die Sch\u00f6nheit dieser Armatur. Die hochwertige, runde Wandrosette bildet einen sehr angenehmen \u00dcbergang zur Wand und harmonisiert perfekt mit dem Griffelement. <\/p>\n","protected":false},"featured_media":5476,"template":"","meta":[],"product_cat":[1590,1370,1614,2038,1410],"product_tag":[1594,1376,1618,2040,1418],"lang":"de","translations":{"de":14152,"en":15122},"pll_sync_post":[],"_links":{"self":[{"href":"https:\/\/2023shop.heinrichschulte.de\/index.php?rest_route=\/wp\/v2\/product\/14152"}],"collection":[{"href":"https:\/\/2023shop.heinrichschulte.de\/index.php?rest_route=\/wp\/v2\/product"}],"about":[{"href":"https:\/\/2023shop.heinrichschulte.de\/index.php?rest_route=\/wp\/v2\/types\/product"}],"version-history":[{"count":1,"href":"https:\/\/2023shop.heinrichschulte.de\/index.php?rest_route=\/wp\/v2\/product\/14152\/revisions"}],"predecessor-version":[{"id":14153,"href":"https:\/\/2023shop.heinrichschulte.de\/index.php?rest_route=\/wp\/v2\/product\/14152\/revisions\/14153"}],"wp:featuredmedia":[{"embeddable":true,"href":"https:\/\/2023shop.heinrichschulte.de\/index.php?rest_route=\/wp\/v2\/media\/5476"}],"wp:attachment":[{"href":"https:\/\/2023shop.heinrichschulte.de\/index.php?rest_route=%2Fwp%2Fv2%2Fmedia&parent=14152"}],"wp:term":[{"taxonomy":"product_cat","embeddable":true,"href":"https:\/\/2023shop.heinrichschulte.de\/index.php?rest_route=%2Fwp%2Fv2%2Fproduct_cat&post=14152"},{"taxonomy":"product_tag","embeddable":true,"href":"https:\/\/2023shop.heinrichschulte.de\/index.php?rest_route=%2Fwp%2Fv2%2Fproduct_tag&post=14152"}],"curies":[{"name":"wp","href":"https:\/\/api.w.org\/{rel}","templated":true}]}}