{"id":14164,"date":"2023-12-04T11:27:56","date_gmt":"2023-12-04T11:27:56","guid":{"rendered":"https:\/\/2023shop.heinrichschulte.de\/?product=alpha_300-kuechenarmatur-180"},"modified":"2023-12-04T11:27:57","modified_gmt":"2023-12-04T11:27:57","slug":"alpha_300-kuechenarmatur-180","status":"publish","type":"product","link":"https:\/\/2023shop.heinrichschulte.de\/?product=alpha_300-kuechenarmatur-180","title":{"rendered":"alpha_300 K\u00fcchenarmatur 180"},"content":{"rendered":"","protected":false},"excerpt":{"rendered":"<p>Seitengesteuert und auf einem kompakten Armaturenk\u00f6rper aufbauend, erhebt sich diese Armatur stilvoll nach oben und l\u00e4sst das Wasser \u00fcber einen kreisrunden Bogen abflie\u00dfen. Die brillante Chromoberfl\u00e4che unterstreicht wirkungsvoll die Sch\u00f6nheit dieser Armatur. Leicht beweglich und ergonomisch sensibel abgestimmt, schlie\u00dft der im \u00dcbergang markant gestaltete Hebel die Armatur formvollendet ab. Seine vertikale Ausrichtung schafft angenehme Bewegungsfreiheit. Der mit wirkungsvollem Kalkschutz ausgestattete Spezialstrahlregler gew\u00e4hrleistet eine optimal bel\u00fcftete Strahlqualit\u00e4t. Dadurch wird Wasser gespart und Spritzwasser verhindert. Der schwenkbare Auslauf erm\u00f6glicht komfortables und zielgerichtetes Arbeiten. <\/p>\n","protected":false},"featured_media":5974,"template":"","meta":[],"product_cat":[1566,1330,1334,1742],"product_tag":[1570,71,75,1744],"lang":"de","translations":{"de":14164,"en":15134},"pll_sync_post":[],"_links":{"self":[{"href":"https:\/\/2023shop.heinrichschulte.de\/index.php?rest_route=\/wp\/v2\/product\/14164"}],"collection":[{"href":"https:\/\/2023shop.heinrichschulte.de\/index.php?rest_route=\/wp\/v2\/product"}],"about":[{"href":"https:\/\/2023shop.heinrichschulte.de\/index.php?rest_route=\/wp\/v2\/types\/product"}],"version-history":[{"count":1,"href":"https:\/\/2023shop.heinrichschulte.de\/index.php?rest_route=\/wp\/v2\/product\/14164\/revisions"}],"predecessor-version":[{"id":14165,"href":"https:\/\/2023shop.heinrichschulte.de\/index.php?rest_route=\/wp\/v2\/product\/14164\/revisions\/14165"}],"wp:featuredmedia":[{"embeddable":true,"href":"https:\/\/2023shop.heinrichschulte.de\/index.php?rest_route=\/wp\/v2\/media\/5974"}],"wp:attachment":[{"href":"https:\/\/2023shop.heinrichschulte.de\/index.php?rest_route=%2Fwp%2Fv2%2Fmedia&parent=14164"}],"wp:term":[{"taxonomy":"product_cat","embeddable":true,"href":"https:\/\/2023shop.heinrichschulte.de\/index.php?rest_route=%2Fwp%2Fv2%2Fproduct_cat&post=14164"},{"taxonomy":"product_tag","embeddable":true,"href":"https:\/\/2023shop.heinrichschulte.de\/index.php?rest_route=%2Fwp%2Fv2%2Fproduct_tag&post=14164"}],"curies":[{"name":"wp","href":"https:\/\/api.w.org\/{rel}","templated":true}]}}