{"id":14170,"date":"2023-12-04T11:27:58","date_gmt":"2023-12-04T11:27:58","guid":{"rendered":"https:\/\/2023shop.heinrichschulte.de\/?product=alpha_400-brausearmatur-ohne-brausegarnitur-2"},"modified":"2023-12-04T11:27:58","modified_gmt":"2023-12-04T11:27:58","slug":"alpha_400-brausearmatur-ohne-brausegarnitur-2","status":"publish","type":"product","link":"https:\/\/2023shop.heinrichschulte.de\/?product=alpha_400-brausearmatur-ohne-brausegarnitur-2","title":{"rendered":"alpha_400 Brausearmatur ohne Brausegarnitur"},"content":{"rendered":"","protected":false},"excerpt":{"rendered":"<p>Der klar definierte sanft geschwungene Grundk\u00f6rper bietet gro\u00dfz\u00fcgig Raum f\u00fcr alle Funktionsteile und f\u00fcgt sich ausgesucht elegant in die Umgebung auch anspruchsvoller Wellnesswelten ein. Mit aufw\u00e4ndig aufgebrachtem hochwertigem Chrom werden die formal bedeutungsvollen Oberfl\u00e4chen wirkungsvoll in Szene gesetzt. Der selbstbewusste und elegante Hebel ist parallel zur Wand vertikal ausgerichtet und schafft damit h\u00f6chsten Komfort bei freibleibendem Bewegungsraum im Duschbereich. Leicht der Wand anpassbare Schubrosetten umschlie\u00dfen elegant die Zuleitungen und verleihen der Armatur auch im Anschlussbereich eine sehr hochwertige Erscheinung. <\/p>\n","protected":false},"featured_media":6204,"template":"","meta":[],"product_cat":[1342,735,1370,1500,1892],"product_tag":[73,134,1376,1506,1894],"lang":"de","translations":{"de":14170,"en":15140},"pll_sync_post":[],"_links":{"self":[{"href":"https:\/\/2023shop.heinrichschulte.de\/index.php?rest_route=\/wp\/v2\/product\/14170"}],"collection":[{"href":"https:\/\/2023shop.heinrichschulte.de\/index.php?rest_route=\/wp\/v2\/product"}],"about":[{"href":"https:\/\/2023shop.heinrichschulte.de\/index.php?rest_route=\/wp\/v2\/types\/product"}],"version-history":[{"count":1,"href":"https:\/\/2023shop.heinrichschulte.de\/index.php?rest_route=\/wp\/v2\/product\/14170\/revisions"}],"predecessor-version":[{"id":14171,"href":"https:\/\/2023shop.heinrichschulte.de\/index.php?rest_route=\/wp\/v2\/product\/14170\/revisions\/14171"}],"wp:featuredmedia":[{"embeddable":true,"href":"https:\/\/2023shop.heinrichschulte.de\/index.php?rest_route=\/wp\/v2\/media\/6204"}],"wp:attachment":[{"href":"https:\/\/2023shop.heinrichschulte.de\/index.php?rest_route=%2Fwp%2Fv2%2Fmedia&parent=14170"}],"wp:term":[{"taxonomy":"product_cat","embeddable":true,"href":"https:\/\/2023shop.heinrichschulte.de\/index.php?rest_route=%2Fwp%2Fv2%2Fproduct_cat&post=14170"},{"taxonomy":"product_tag","embeddable":true,"href":"https:\/\/2023shop.heinrichschulte.de\/index.php?rest_route=%2Fwp%2Fv2%2Fproduct_tag&post=14170"}],"curies":[{"name":"wp","href":"https:\/\/api.w.org\/{rel}","templated":true}]}}