{"id":14176,"date":"2023-12-04T11:27:59","date_gmt":"2023-12-04T11:27:59","guid":{"rendered":"https:\/\/2023shop.heinrichschulte.de\/?product=malta-kuechenarmatur-mit-geraeteanschluss"},"modified":"2023-12-04T11:27:59","modified_gmt":"2023-12-04T11:27:59","slug":"malta-kuechenarmatur-mit-geraeteanschluss","status":"publish","type":"product","link":"https:\/\/2023shop.heinrichschulte.de\/?product=malta-kuechenarmatur-mit-geraeteanschluss","title":{"rendered":"malta K\u00fcchenarmatur mit Ger\u00e4teanschluss"},"content":{"rendered":"","protected":false},"excerpt":{"rendered":"<p>Selbstbewusst und kraftvoll f\u00fchrt diese Armatur das Wasser \u00fcber einen leicht nach oben gerichteten Auslauf der Nutzung zu. Die brillante Chromoberfl\u00e4che unterstreicht wirkungsvoll die Sch\u00f6nheit dieser Armatur. Formal konsequent \u00fcbernimmt der Hebel folgerichtig das markante Design in Kombination mit besten Bedienkomfort. Der mit wirkungsvollem Kalkschutz ausgestattete Spezialstrahlregler gew\u00e4hrleistet eine optimal bel\u00fcftete Strahlqualit\u00e4t. Dadurch wird Wasser gespart und Spritzwasser verhindert. Der schwenkbare Auslauf erm\u00f6glicht komfortables und zielgerichtetes Arbeiten. Diese Armatur ist mit einem Anschluss f\u00fcr externe Ger\u00e4te ausgestattet und erm\u00f6glicht beispielweise sehr komfortabel den Wasserzulauf f\u00fcr die Sp\u00fclmaschine zu \u00f6ffnen und zu schlie\u00dfen. <\/p>\n","protected":false},"featured_media":6051,"template":"","meta":[],"product_cat":[1330,1334,1656,1654],"product_tag":[71,75,1660,1658],"lang":"de","translations":{"de":14176,"en":15146},"pll_sync_post":[],"_links":{"self":[{"href":"https:\/\/2023shop.heinrichschulte.de\/index.php?rest_route=\/wp\/v2\/product\/14176"}],"collection":[{"href":"https:\/\/2023shop.heinrichschulte.de\/index.php?rest_route=\/wp\/v2\/product"}],"about":[{"href":"https:\/\/2023shop.heinrichschulte.de\/index.php?rest_route=\/wp\/v2\/types\/product"}],"version-history":[{"count":1,"href":"https:\/\/2023shop.heinrichschulte.de\/index.php?rest_route=\/wp\/v2\/product\/14176\/revisions"}],"predecessor-version":[{"id":14177,"href":"https:\/\/2023shop.heinrichschulte.de\/index.php?rest_route=\/wp\/v2\/product\/14176\/revisions\/14177"}],"wp:featuredmedia":[{"embeddable":true,"href":"https:\/\/2023shop.heinrichschulte.de\/index.php?rest_route=\/wp\/v2\/media\/6051"}],"wp:attachment":[{"href":"https:\/\/2023shop.heinrichschulte.de\/index.php?rest_route=%2Fwp%2Fv2%2Fmedia&parent=14176"}],"wp:term":[{"taxonomy":"product_cat","embeddable":true,"href":"https:\/\/2023shop.heinrichschulte.de\/index.php?rest_route=%2Fwp%2Fv2%2Fproduct_cat&post=14176"},{"taxonomy":"product_tag","embeddable":true,"href":"https:\/\/2023shop.heinrichschulte.de\/index.php?rest_route=%2Fwp%2Fv2%2Fproduct_tag&post=14176"}],"curies":[{"name":"wp","href":"https:\/\/api.w.org\/{rel}","templated":true}]}}