{"id":14178,"date":"2023-12-04T11:27:59","date_gmt":"2023-12-04T11:27:59","guid":{"rendered":"https:\/\/2023shop.heinrichschulte.de\/?product=wintec-einlegeboden-fuer-aetna-weiss"},"modified":"2023-12-04T11:28:00","modified_gmt":"2023-12-04T11:28:00","slug":"wintec-einlegeboden-fuer-aetna-weiss","status":"publish","type":"product","link":"https:\/\/2023shop.heinrichschulte.de\/?product=wintec-einlegeboden-fuer-aetna-weiss","title":{"rendered":"wintec Einlegeboden f\u00fcr \u00c4tna, wei\u00df"},"content":{"rendered":"","protected":false},"excerpt":{"rendered":"","protected":false},"featured_media":5566,"template":"","meta":[],"product_cat":[609,1289,1291,1287,1285],"product_tag":[130,1297,1299,1295,1293],"lang":"de","translations":{"de":14178,"en":15148},"pll_sync_post":[],"_links":{"self":[{"href":"https:\/\/2023shop.heinrichschulte.de\/index.php?rest_route=\/wp\/v2\/product\/14178"}],"collection":[{"href":"https:\/\/2023shop.heinrichschulte.de\/index.php?rest_route=\/wp\/v2\/product"}],"about":[{"href":"https:\/\/2023shop.heinrichschulte.de\/index.php?rest_route=\/wp\/v2\/types\/product"}],"version-history":[{"count":1,"href":"https:\/\/2023shop.heinrichschulte.de\/index.php?rest_route=\/wp\/v2\/product\/14178\/revisions"}],"predecessor-version":[{"id":14179,"href":"https:\/\/2023shop.heinrichschulte.de\/index.php?rest_route=\/wp\/v2\/product\/14178\/revisions\/14179"}],"wp:featuredmedia":[{"embeddable":true,"href":"https:\/\/2023shop.heinrichschulte.de\/index.php?rest_route=\/wp\/v2\/media\/5566"}],"wp:attachment":[{"href":"https:\/\/2023shop.heinrichschulte.de\/index.php?rest_route=%2Fwp%2Fv2%2Fmedia&parent=14178"}],"wp:term":[{"taxonomy":"product_cat","embeddable":true,"href":"https:\/\/2023shop.heinrichschulte.de\/index.php?rest_route=%2Fwp%2Fv2%2Fproduct_cat&post=14178"},{"taxonomy":"product_tag","embeddable":true,"href":"https:\/\/2023shop.heinrichschulte.de\/index.php?rest_route=%2Fwp%2Fv2%2Fproduct_tag&post=14178"}],"curies":[{"name":"wp","href":"https:\/\/api.w.org\/{rel}","templated":true}]}}