{"id":14190,"date":"2023-12-04T11:28:05","date_gmt":"2023-12-04T11:28:05","guid":{"rendered":"https:\/\/2023shop.heinrichschulte.de\/?product=alpha-line_500-standhahn-mit-keramik-oberteil"},"modified":"2023-12-04T11:28:06","modified_gmt":"2023-12-04T11:28:06","slug":"alpha-line_500-standhahn-mit-keramik-oberteil","status":"publish","type":"product","link":"https:\/\/2023shop.heinrichschulte.de\/?product=alpha-line_500-standhahn-mit-keramik-oberteil","title":{"rendered":"alpha-line_500 Standhahn mit Keramik-Oberteil"},"content":{"rendered":"","protected":false},"excerpt":{"rendered":"<p>Auf dezenten Sockel erhebt sich geometrisch definiert der Armaturenk\u00f6rper mit rechtwinklig angesetztem horizontalem Auslauf. F\u00fcr kleine Waschbecken im G\u00e4ste-WC ist dieser Standhahn f\u00fcr die Kaltwassernutzung ausgelegt. Die brillante Oberfl\u00e4che aus hochwertigem Chrom unterstreicht die hohe Qualit\u00e4t und Einzigartigkeit dieser Armatur. Die Form des Armaturenk\u00f6rpers aufnehmend l\u00e4sst sich der kompakte Drehgriff sher angenehm aus allen Richtungen bedienen. Durch die geometrische Grundform ist die Nullstellung bei geschlossener Armatur klar definiert. Der eingesetzte Spezialstrahlregler hilft Wasser zu sparen und sch\u00fctzt die Armatur durch seine eigens daf\u00fcr entwickelte Silikon-Lippe vor Kalkablagerungen. \u00dcber eine spezielle Schaftverschraubung wird diese Armatur sehr stabil montiert. <\/p>\n","protected":false},"featured_media":5854,"template":"","meta":[],"product_cat":[1734,735,1370,1266,1822],"product_tag":[1738,134,1376,1278,1824],"lang":"de","translations":{"de":14190,"en":15160},"pll_sync_post":[],"_links":{"self":[{"href":"https:\/\/2023shop.heinrichschulte.de\/index.php?rest_route=\/wp\/v2\/product\/14190"}],"collection":[{"href":"https:\/\/2023shop.heinrichschulte.de\/index.php?rest_route=\/wp\/v2\/product"}],"about":[{"href":"https:\/\/2023shop.heinrichschulte.de\/index.php?rest_route=\/wp\/v2\/types\/product"}],"version-history":[{"count":1,"href":"https:\/\/2023shop.heinrichschulte.de\/index.php?rest_route=\/wp\/v2\/product\/14190\/revisions"}],"predecessor-version":[{"id":14191,"href":"https:\/\/2023shop.heinrichschulte.de\/index.php?rest_route=\/wp\/v2\/product\/14190\/revisions\/14191"}],"wp:featuredmedia":[{"embeddable":true,"href":"https:\/\/2023shop.heinrichschulte.de\/index.php?rest_route=\/wp\/v2\/media\/5854"}],"wp:attachment":[{"href":"https:\/\/2023shop.heinrichschulte.de\/index.php?rest_route=%2Fwp%2Fv2%2Fmedia&parent=14190"}],"wp:term":[{"taxonomy":"product_cat","embeddable":true,"href":"https:\/\/2023shop.heinrichschulte.de\/index.php?rest_route=%2Fwp%2Fv2%2Fproduct_cat&post=14190"},{"taxonomy":"product_tag","embeddable":true,"href":"https:\/\/2023shop.heinrichschulte.de\/index.php?rest_route=%2Fwp%2Fv2%2Fproduct_tag&post=14190"}],"curies":[{"name":"wp","href":"https:\/\/api.w.org\/{rel}","templated":true}]}}