{"id":14245,"date":"2023-12-04T11:28:26","date_gmt":"2023-12-04T11:28:26","guid":{"rendered":"https:\/\/2023shop.heinrichschulte.de\/?product=alpha_400-wanneneinlauf-2"},"modified":"2023-12-04T11:28:26","modified_gmt":"2023-12-04T11:28:26","slug":"alpha_400-wanneneinlauf-2","status":"publish","type":"product","link":"https:\/\/2023shop.heinrichschulte.de\/?product=alpha_400-wanneneinlauf-2","title":{"rendered":"alpha_400 Wanneneinlauf"},"content":{"rendered":"","protected":false},"excerpt":{"rendered":"<p>Die Oberfl\u00e4che des Auslaufs ist in klarer Linienf\u00fchrung markant definiert. Der wasserf\u00fchrende K\u00f6rper f\u00fcgt sich kraftvoll gew\u00f6lbt von der Unterseite dieser Fl\u00e4che an. Mit aufw\u00e4ndig aufgebrachtem hochwertigem Chrom werden die formal bedeutungsvollen Oberfl\u00e4chen wirkungsvoll in Szene gesetzt. Zur optimalen Positionierung des Wasserstrahls kann der f\u00fcr gro\u00dfe Durchflussmengen konzipierte bewegliche Strahlregler in alle Richtungen geschwenkt werden. Die von vorne elegant aufgeschobene und an den Ecken leicht verrundete Wandrosette erm\u00f6glicht einen extravaganten \u00dcbergang zur Wand. <\/p>\n","protected":false},"featured_media":6193,"template":"","meta":[],"product_cat":[1342,735,1370,1534,1762],"product_tag":[73,134,1376,1538,1764],"lang":"de","translations":{"de":14245,"en":15209},"pll_sync_post":[],"_links":{"self":[{"href":"https:\/\/2023shop.heinrichschulte.de\/index.php?rest_route=\/wp\/v2\/product\/14245"}],"collection":[{"href":"https:\/\/2023shop.heinrichschulte.de\/index.php?rest_route=\/wp\/v2\/product"}],"about":[{"href":"https:\/\/2023shop.heinrichschulte.de\/index.php?rest_route=\/wp\/v2\/types\/product"}],"version-history":[{"count":1,"href":"https:\/\/2023shop.heinrichschulte.de\/index.php?rest_route=\/wp\/v2\/product\/14245\/revisions"}],"predecessor-version":[{"id":14246,"href":"https:\/\/2023shop.heinrichschulte.de\/index.php?rest_route=\/wp\/v2\/product\/14245\/revisions\/14246"}],"wp:featuredmedia":[{"embeddable":true,"href":"https:\/\/2023shop.heinrichschulte.de\/index.php?rest_route=\/wp\/v2\/media\/6193"}],"wp:attachment":[{"href":"https:\/\/2023shop.heinrichschulte.de\/index.php?rest_route=%2Fwp%2Fv2%2Fmedia&parent=14245"}],"wp:term":[{"taxonomy":"product_cat","embeddable":true,"href":"https:\/\/2023shop.heinrichschulte.de\/index.php?rest_route=%2Fwp%2Fv2%2Fproduct_cat&post=14245"},{"taxonomy":"product_tag","embeddable":true,"href":"https:\/\/2023shop.heinrichschulte.de\/index.php?rest_route=%2Fwp%2Fv2%2Fproduct_tag&post=14245"}],"curies":[{"name":"wp","href":"https:\/\/api.w.org\/{rel}","templated":true}]}}