{"id":14253,"date":"2023-12-04T11:28:29","date_gmt":"2023-12-04T11:28:29","guid":{"rendered":"https:\/\/2023shop.heinrichschulte.de\/?product=alpha_400-wannenthermostat-ohne-brausegarnitur-2"},"modified":"2023-12-04T11:28:29","modified_gmt":"2023-12-04T11:28:29","slug":"alpha_400-wannenthermostat-ohne-brausegarnitur-2","status":"publish","type":"product","link":"https:\/\/2023shop.heinrichschulte.de\/?product=alpha_400-wannenthermostat-ohne-brausegarnitur-2","title":{"rendered":"alpha_400 Wannenthermostat ohne Brausegarnitur"},"content":{"rendered":"","protected":false},"excerpt":{"rendered":"<p>Der in gro\u00dfer Homogenit\u00e4t geformte K\u00f6rper f\u00fcgt sich im mittleren Bereich exzellent zu einem formal sehr sch\u00f6nen gestalteten Auslauf. Mit aufw\u00e4ndig aufgebrachtem hochwertigem Chrom werden die formal bedeutungsvollen Oberfl\u00e4chen wirkungsvoll in Szene gesetzt. Wie eine \u00fcbergangslose Verl\u00e4ngerung des Grundk\u00f6rpers sind Mengeneinsteller und Temperaturregler links und rechts positioniert. Die Abflachung im oberen Bereich der Griffe erm\u00f6glicht sicheres Greifen und signalisiert die 0-Position. Um das Wasser zur Handbrause zu leiten, wird der Mengeneinsteller ganz bequem nach vorne gedreht. Die Temperaturauswahl bleibt davon unber\u00fchrt. Leicht der Wand anpassbare Schubrosetten umschlie\u00dfen elegant die Zuleitungen und verleihen der Armatur auch im Anschlussbereich eine sehr hochwertige Erscheinung. <\/p>\n","protected":false},"featured_media":6181,"template":"","meta":[],"product_cat":[1342,1370,865,1786,1852],"product_tag":[73,1376,873,1790,1854],"lang":"de","translations":{"de":14253,"en":15217},"pll_sync_post":[],"_links":{"self":[{"href":"https:\/\/2023shop.heinrichschulte.de\/index.php?rest_route=\/wp\/v2\/product\/14253"}],"collection":[{"href":"https:\/\/2023shop.heinrichschulte.de\/index.php?rest_route=\/wp\/v2\/product"}],"about":[{"href":"https:\/\/2023shop.heinrichschulte.de\/index.php?rest_route=\/wp\/v2\/types\/product"}],"version-history":[{"count":1,"href":"https:\/\/2023shop.heinrichschulte.de\/index.php?rest_route=\/wp\/v2\/product\/14253\/revisions"}],"predecessor-version":[{"id":14254,"href":"https:\/\/2023shop.heinrichschulte.de\/index.php?rest_route=\/wp\/v2\/product\/14253\/revisions\/14254"}],"wp:featuredmedia":[{"embeddable":true,"href":"https:\/\/2023shop.heinrichschulte.de\/index.php?rest_route=\/wp\/v2\/media\/6181"}],"wp:attachment":[{"href":"https:\/\/2023shop.heinrichschulte.de\/index.php?rest_route=%2Fwp%2Fv2%2Fmedia&parent=14253"}],"wp:term":[{"taxonomy":"product_cat","embeddable":true,"href":"https:\/\/2023shop.heinrichschulte.de\/index.php?rest_route=%2Fwp%2Fv2%2Fproduct_cat&post=14253"},{"taxonomy":"product_tag","embeddable":true,"href":"https:\/\/2023shop.heinrichschulte.de\/index.php?rest_route=%2Fwp%2Fv2%2Fproduct_tag&post=14253"}],"curies":[{"name":"wp","href":"https:\/\/api.w.org\/{rel}","templated":true}]}}